{"id":3007,"date":"2023-10-02T12:39:30","date_gmt":"2023-10-02T12:39:30","guid":{"rendered":"https:\/\/lookatestate.com\/privacidad\/"},"modified":"2023-11-10T12:57:43","modified_gmt":"2023-11-10T12:57:43","slug":"privacidad","status":"publish","type":"page","link":"https:\/\/lookatestate.com\/es\/privacidad\/","title":{"rendered":"Privacidad"},"content":{"rendered":"\t\t<div data-elementor-type=\"wp-page\" data-elementor-id=\"3007\" class=\"elementor elementor-3007 elementor-2611\" data-elementor-post-type=\"page\">\n\t\t\t\t\t\t<section class=\"elementor-section elementor-top-section elementor-element elementor-element-f033f8d elementor-section-boxed elementor-section-height-default elementor-section-height-default\" data-id=\"f033f8d\" data-element_type=\"section\">\n\t\t\t\t\t\t<div class=\"elementor-container elementor-column-gap-default\">\n\t\t\t\t\t<div class=\"elementor-column elementor-col-100 elementor-top-column elementor-element elementor-element-aee9d23\" data-id=\"aee9d23\" data-element_type=\"column\">\n\t\t\t<div class=\"elementor-widget-wrap elementor-element-populated\">\n\t\t\t\t\t\t<div class=\"elementor-element elementor-element-20175d0 elementor-widget elementor-widget-heading\" data-id=\"20175d0\" data-element_type=\"widget\" data-widget_type=\"heading.default\">\n\t\t\t\t<div class=\"elementor-widget-container\">\n\t\t\t\t\t<h2 class=\"elementor-heading-title elementor-size-default\">Declaraci\u00f3n de confidencialidad<\/h2>\t\t\t\t<\/div>\n\t\t\t\t<\/div>\n\t\t\t\t<div class=\"elementor-element elementor-element-6259edf elementor-widget elementor-widget-text-editor\" data-id=\"6259edf\" data-element_type=\"widget\" data-widget_type=\"text-editor.default\">\n\t\t\t\t<div class=\"elementor-widget-container\">\n\t\t\t\t\t\t\t\t\t<p>Declaraci\u00f3n de confidencialidad<\/p>\n<p>\u00daltima actualizaci\u00f3n el:  [18 augustus 2023]<br><br><\/p>\n<p><b>1. Introducci\u00f3n<\/b><\/p>\n<p>Este aviso de privacidad describe c\u00f3mo [look at estate] (\u00abnosotros\u00bb, \u00abnos\u00bb o \u00abnuestro\u00bb) recopila, utiliza, divulga y protege la informaci\u00f3n personal en relaci\u00f3n con su servicio de alquiler de alojamientos vacacionales en Espa\u00f1a. Nos comprometemos a proteger su privacidad y nos esforzamos por tratar su informaci\u00f3n personal con cuidado. Al utilizar nuestros servicios, usted da su consentimiento a la recogida y uso de su informaci\u00f3n personal tal y como se describe en esta declaraci\u00f3n.<br><br><\/p>\n<p><b>2. Informaci\u00f3n recogida<br><\/b><\/p>\n<p>Podemos recopilar y procesar las siguientes categor\u00edas de informaci\u00f3n personal:<\/p>\n<p>Datos de contacto como nombre, direcci\u00f3n, n\u00famero de tel\u00e9fono y direcci\u00f3n de correo electr\u00f3nico.<\/p>\n<p>Informaci\u00f3n sobre el pago de las transacciones, incluidos los datos de facturaci\u00f3n.<\/p>\n<p>Informaci\u00f3n relacionada con su estancia, como las fechas de entrada y salida.<\/p>\n<p>Informaci\u00f3n que nos facilite voluntariamente a trav\u00e9s de comunicaciones con nosotros, como preguntas y solicitudes.<br><br><\/p>\n<p><b>3. 3. Finalidad del tratamiento<\/b><\/p>\n<p>Utilizamos su informaci\u00f3n personal para los siguientes fines:<\/p>\n<p>Gesti\u00f3n de reservas y transacciones.<\/p>\n<p>Facilitar informaci\u00f3n y confirmaciones sobre su estancia.<\/p>\n<p>Responder a preguntas y solicitudes.<\/p>\n<p>Cumplimiento de las obligaciones legales.<br><br><\/p>\n<p><b>4. 4. Intercambio de datos<\/b><\/p>\n<p>S\u00f3lo compartimos su informaci\u00f3n personal con terceros en las siguientes situaciones:<\/p>\n<p>Con nuestros proveedores de servicios de confianza que nos ayudan a prestar el servicio de alquiler, como socios de limpieza y mantenimiento, sistema de reservas y socios de marketing si las cookies son aplicables. A veces recurrimos a terceros cuando se trata de su llegada, estancia y salida del alojamiento de vacaciones.<\/p>\n<p>Para cumplir con obligaciones legales, como proporcionar informaci\u00f3n a organismos gubernamentales.<br><br><\/p>\n<p><b>5. 5. Transferencia de datos<\/b><\/p>\n<p>Como nuestros servicios est\u00e1n ubicados en Espa\u00f1a, su informaci\u00f3n personal puede ser transferida, almacenada y procesada en Espa\u00f1a. Tomaremos las medidas oportunas para garantizar que su informaci\u00f3n est\u00e9 adecuadamente protegida, de conformidad con la legislaci\u00f3n aplicable en materia de protecci\u00f3n de datos.<br><br><\/p>\n<p><b>6. Seguridad<\/b><\/p>\n<p>Tomamos las medidas t\u00e9cnicas y organizativas adecuadas para proteger sus datos personales contra el acceso no autorizado, la p\u00e9rdida, el robo, el uso indebido y los cambios no autorizados. El acceso a sus datos est\u00e1 restringido al personal autorizado y a los proveedores de servicios de confianza.<br><br><\/p>\n<p><b>7. Sus derechos<\/b><\/p>\n<p>Usted tiene ciertos derechos en relaci\u00f3n con su informaci\u00f3n personal, incluido el derecho de acceso, rectificaci\u00f3n, supresi\u00f3n y oposici\u00f3n. Para ejercer estos derechos, p\u00f3ngase en contacto con nosotros a trav\u00e9s de los datos que figuran a continuaci\u00f3n.<br><br><\/p>\n<p><b>8. 8. Datos de contacto<\/b><\/p>\n<p>Si tiene alguna pregunta sobre esta declaraci\u00f3n de privacidad o sobre su informaci\u00f3n personal, p\u00f3ngase en contacto con nosotros en<\/p>\n<p>info@lookatestate.com<\/p>\n<p>Nos reservamos el derecho a modificar esta declaraci\u00f3n de privacidad en cualquier momento. La \u00faltima versi\u00f3n estar\u00e1 siempre disponible en nuestro sitio web.<\/p>\n<p>Al utilizar nuestro servicio de alquiler, usted acepta los t\u00e9rminos de esta declaraci\u00f3n de privacidad.<\/p>\t\t\t\t\t\t\t\t<\/div>\n\t\t\t\t<\/div>\n\t\t\t\t\t<\/div>\n\t\t<\/div>\n\t\t\t\t\t<\/div>\n\t\t<\/section>\n\t\t\t\t<\/div>\n\t\t","protected":false},"excerpt":{"rendered":"<p>Declaraci\u00f3n de confidencialidad Declaraci\u00f3n de confidencialidad \u00daltima actualizaci\u00f3n el: [18 augustus 2023] 1. Introducci\u00f3n Este aviso de privacidad describe c\u00f3mo [look at estate] (\u00abnosotros\u00bb, \u00abnos\u00bb o \u00abnuestro\u00bb) recopila, utiliza, divulga y protege la informaci\u00f3n personal en relaci\u00f3n con su servicio de alquiler de alojamientos vacacionales en Espa\u00f1a. Nos comprometemos a proteger su privacidad y nos [&hellip;]<\/p>\n","protected":false},"author":2,"featured_media":0,"parent":0,"menu_order":0,"comment_status":"closed","ping_status":"closed","template":"","meta":{"site-sidebar-layout":"no-sidebar","site-content-layout":"page-builder","ast-site-content-layout":"default","site-content-style":"default","site-sidebar-style":"default","ast-global-header-display":"","ast-banner-title-visibility":"","ast-main-header-display":"","ast-hfb-above-header-display":"","ast-hfb-below-header-display":"","ast-hfb-mobile-header-display":"","site-post-title":"disabled","ast-breadcrumbs-content":"","ast-featured-img":"disabled","footer-sml-layout":"","ast-disable-related-posts":"","theme-transparent-header-meta":"","adv-header-id-meta":"","stick-header-meta":"","header-above-stick-meta":"","header-main-stick-meta":"","header-below-stick-meta":"","astra-migrate-meta-layouts":"default","ast-page-background-enabled":"default","ast-page-background-meta":{"desktop":{"background-color":"var(--ast-global-color-4)","background-image":"","background-repeat":"repeat","background-position":"center center","background-size":"auto","background-attachment":"scroll","background-type":"","background-media":"","overlay-type":"","overlay-color":"","overlay-opacity":"","overlay-gradient":""},"tablet":{"background-color":"","background-image":"","background-repeat":"repeat","background-position":"center center","background-size":"auto","background-attachment":"scroll","background-type":"","background-media":"","overlay-type":"","overlay-color":"","overlay-opacity":"","overlay-gradient":""},"mobile":{"background-color":"","background-image":"","background-repeat":"repeat","background-position":"center center","background-size":"auto","background-attachment":"scroll","background-type":"","background-media":"","overlay-type":"","overlay-color":"","overlay-opacity":"","overlay-gradient":""}},"ast-content-background-meta":{"desktop":{"background-color":"var(--ast-global-color-5)","background-image":"","background-repeat":"repeat","background-position":"center center","background-size":"auto","background-attachment":"scroll","background-type":"","background-media":"","overlay-type":"","overlay-color":"","overlay-opacity":"","overlay-gradient":""},"tablet":{"background-color":"var(--ast-global-color-5)","background-image":"","background-repeat":"repeat","background-position":"center center","background-size":"auto","background-attachment":"scroll","background-type":"","background-media":"","overlay-type":"","overlay-color":"","overlay-opacity":"","overlay-gradient":""},"mobile":{"background-color":"var(--ast-global-color-5)","background-image":"","background-repeat":"repeat","background-position":"center center","background-size":"auto","background-attachment":"scroll","background-type":"","background-media":"","overlay-type":"","overlay-color":"","overlay-opacity":"","overlay-gradient":""}},"footnotes":""},"class_list":["post-3007","page","type-page","status-publish","hentry"],"_links":{"self":[{"href":"https:\/\/lookatestate.com\/es\/wp-json\/wp\/v2\/pages\/3007","targetHints":{"allow":["GET"]}}],"collection":[{"href":"https:\/\/lookatestate.com\/es\/wp-json\/wp\/v2\/pages"}],"about":[{"href":"https:\/\/lookatestate.com\/es\/wp-json\/wp\/v2\/types\/page"}],"author":[{"embeddable":true,"href":"https:\/\/lookatestate.com\/es\/wp-json\/wp\/v2\/users\/2"}],"replies":[{"embeddable":true,"href":"https:\/\/lookatestate.com\/es\/wp-json\/wp\/v2\/comments?post=3007"}],"version-history":[{"count":3,"href":"https:\/\/lookatestate.com\/es\/wp-json\/wp\/v2\/pages\/3007\/revisions"}],"predecessor-version":[{"id":3010,"href":"https:\/\/lookatestate.com\/es\/wp-json\/wp\/v2\/pages\/3007\/revisions\/3010"}],"wp:attachment":[{"href":"https:\/\/lookatestate.com\/es\/wp-json\/wp\/v2\/media?parent=3007"}],"curies":[{"name":"wp","href":"https:\/\/api.w.org\/{rel}","templated":true}]}}