{"id":3003,"date":"2023-09-13T13:04:53","date_gmt":"2023-09-13T13:04:53","guid":{"rendered":"https:\/\/lookatestate.com\/acerca-de-look-at-estate\/"},"modified":"2024-05-24T12:52:17","modified_gmt":"2024-05-24T12:52:17","slug":"acerca-de-look-at-estate","status":"publish","type":"page","link":"https:\/\/lookatestate.com\/es\/acerca-de-look-at-estate\/","title":{"rendered":"Acerca de Look at Estate"},"content":{"rendered":"\t\t<div data-elementor-type=\"wp-page\" data-elementor-id=\"3003\" class=\"elementor elementor-3003 elementor-1585\" data-elementor-post-type=\"page\">\n\t\t\t\t\t\t<section class=\"elementor-section elementor-top-section elementor-element elementor-element-a1b17aa elementor-section-boxed elementor-section-height-default elementor-section-height-default\" data-id=\"a1b17aa\" data-element_type=\"section\" data-settings=\"{&quot;background_background&quot;:&quot;classic&quot;}\">\n\t\t\t\t\t\t<div class=\"elementor-container elementor-column-gap-default\">\n\t\t\t\t\t<div class=\"elementor-column elementor-col-100 elementor-top-column elementor-element elementor-element-514e7c9\" data-id=\"514e7c9\" data-element_type=\"column\">\n\t\t\t<div class=\"elementor-widget-wrap elementor-element-populated\">\n\t\t\t\t\t\t\t<\/div>\n\t\t<\/div>\n\t\t\t\t\t<\/div>\n\t\t<\/section>\n\t\t\t\t<section class=\"elementor-section elementor-top-section elementor-element elementor-element-39c8dcb elementor-section-boxed elementor-section-height-default elementor-section-height-default\" data-id=\"39c8dcb\" data-element_type=\"section\">\n\t\t\t\t\t\t<div class=\"elementor-container elementor-column-gap-default\">\n\t\t\t\t\t<div class=\"elementor-column elementor-col-50 elementor-top-column elementor-element elementor-element-43cff9d\" data-id=\"43cff9d\" data-element_type=\"column\">\n\t\t\t<div class=\"elementor-widget-wrap elementor-element-populated\">\n\t\t\t\t\t\t<div class=\"elementor-element elementor-element-9874bec elementor-widget elementor-widget-heading\" data-id=\"9874bec\" data-element_type=\"widget\" data-widget_type=\"heading.default\">\n\t\t\t\t<div class=\"elementor-widget-container\">\n\t\t\t\t\t<h1 class=\"elementor-heading-title elementor-size-default\">Acerca de Look at Estate\n<\/h1>\t\t\t\t<\/div>\n\t\t\t\t<\/div>\n\t\t\t\t<div class=\"elementor-element elementor-element-6e68b18 elementor-widget elementor-widget-text-editor\" data-id=\"6e68b18\" data-element_type=\"widget\" data-widget_type=\"text-editor.default\">\n\t\t\t\t<div class=\"elementor-widget-container\">\n\t\t\t\t\t\t\t\t\t<p><b>La deliciosa vida mediterr\u00e1nea.<\/b><\/p>\n<p><b> <\/b><\/p>\n<p>Port\u00e1til bajo el brazo, m\u00f3vil en la oreja. Mientras la deliciosa mezcla de olores a mar, buganvilla y especias de las cocinas se re\u00fane a mi alrededor. En chanclas, bajo por el camino de tierra hasta el pabell\u00f3n cubierto de verde tropical que hay al fondo de la plaza. Con el port\u00e1til en el regazo, trabajo en mis actividades de corretaje del d\u00eda.    <\/p>\n<\/p>\n<p>As\u00ed eran mis vacaciones de trabajo.<\/p>\n<p>Tras 20 a\u00f1os de experiencia como formador de profesores en corretaje y propietario de la agencia inmobiliaria m\u00e1s bonita, hab\u00eda llegado el momento de dar el siguiente paso en las casas.<\/p>\n<\/p>\n<p>Soy Nathalie Minkman. Junto con mi equipo y los grupos mejor seleccionados, me aseguro de que vivas la mejor experiencia vacacional en los lugares m\u00e1s bonitos de Espa\u00f1a. Perm\u00edtanos superar sus expectativas.<\/p>\n<p>Las vacaciones son una experiencia que se queda contigo.<\/p>\n\t\t\t\t\t\t\t\t<\/div>\n\t\t\t\t<\/div>\n\t\t\t\t<div class=\"elementor-element elementor-element-bb31800 elementor-widget elementor-widget-heading\" data-id=\"bb31800\" data-element_type=\"widget\" data-widget_type=\"heading.default\">\n\t\t\t\t<div class=\"elementor-widget-container\">\n\t\t\t\t\t<h2 class=\"elementor-heading-title elementor-size-default\">Experto en viviendas<\/h2>\t\t\t\t<\/div>\n\t\t\t\t<\/div>\n\t\t\t\t<div class=\"elementor-element elementor-element-301bb7a elementor-widget elementor-widget-text-editor\" data-id=\"301bb7a\" data-element_type=\"widget\" data-widget_type=\"text-editor.default\">\n\t\t\t\t<div class=\"elementor-widget-container\">\n\t\t\t\t\t\t\t\t\t<\/p>\n<p>Con la escuela de comercio, el diploma NIMA y experiencia en negocios, comenc\u00e9 mi brillante carrera en el corretaje.<\/p>\n\t\t\t\t\t\t\t\t<\/div>\n\t\t\t\t<\/div>\n\t\t\t\t<div class=\"elementor-element elementor-element-1db6a81 elementor-widget-tablet__width-initial elementor-widget elementor-widget-accordion\" data-id=\"1db6a81\" data-element_type=\"widget\" data-widget_type=\"accordion.default\">\n\t\t\t\t<div class=\"elementor-widget-container\">\n\t\t\t\t\t\t\t<div class=\"elementor-accordion\">\n\t\t\t\t\t\t\t<div class=\"elementor-accordion-item\">\n\t\t\t\t\t<div id=\"elementor-tab-title-3111\" class=\"elementor-tab-title\" data-tab=\"1\" role=\"button\" aria-controls=\"elementor-tab-content-3111\" aria-expanded=\"false\">\n\t\t\t\t\t\t\t\t\t\t\t\t\t<span class=\"elementor-accordion-icon elementor-accordion-icon-left\" aria-hidden=\"true\">\n\t\t\t\t\t\t\t\t\t\t\t\t\t\t\t<span class=\"elementor-accordion-icon-closed\"><i class=\"fas fa-plus\"><\/i><\/span>\n\t\t\t\t\t\t\t\t<span class=\"elementor-accordion-icon-opened\"><i class=\"fas fa-minus\"><\/i><\/span>\n\t\t\t\t\t\t\t\t\t\t\t\t\t\t<\/span>\n\t\t\t\t\t\t\t\t\t\t\t\t<a class=\"elementor-accordion-title\" tabindex=\"0\">2004<\/a>\n\t\t\t\t\t<\/div>\n\t\t\t\t\t<div id=\"elementor-tab-content-3111\" class=\"elementor-tab-content elementor-clearfix\" data-tab=\"1\" role=\"region\" aria-labelledby=\"elementor-tab-title-3111\"><p>Como profesor\/formador en una organizaci\u00f3n mundial de franquicias.&nbsp;<\/p>\n<p>a.o. en Viena, recib\u00ed formaci\u00f3n en construcci\u00f3n de negocios inmobiliarios.<br \/><strong>&amp;<\/strong><\/p>\n<p>Para la Academia Inmobiliaria de NVM, impart\u00ed sesiones de formaci\u00f3n sobre los puntos PE necesarios para los agentes inmobiliarios. Adem\u00e1s, ayud\u00e9 a desarrollar nuevos cursos de formaci\u00f3n.&nbsp;<\/p>\n<p><\/p>\n<p><strong>&amp; tambi\u00e9n<\/strong><\/p>\n<p>Para la SVM\/NIVO, la<span style=\"font-style: inherit; color: var( --e-global-color-text ); font-family: var( --e-global-typography-text-font-family ), Sans-serif; background-color: var(--ast-global-color-5);\">oficina de ex\u00e1menes del sector inmobiliario, escribimos el<\/span><span style=\"font-style: inherit; color: var( --e-global-color-text ); font-family: var( --e-global-typography-text-font-family ), Sans-serif; background-color: var(--ast-global-color-5);\">examen&nbsp;Vakbekwaam Makelaar.<\/span><\/p>\n<p><strong>&amp; m\u00e1s<\/strong><\/p>\n<p><strong><br \/><\/strong><\/p>\n<p>Asesor\u00f3 y prepar\u00f3 a nivel nacional a agentes inmobiliarios con su propia agencia inmobiliaria. Todo ello en t\u00e9rminos de operaciones, crecimiento y volumen de negocio.<\/p>\n<\/p>\n<p>Despu\u00e9s de unas quinientas veces la pregunta.<\/p>\n<p>\u00ab\u00bfPor qu\u00e9 no empiezas por tu cuenta?\u00bb<\/p>\n<\/div>\n\t\t\t\t<\/div>\n\t\t\t\t\t\t\t<div class=\"elementor-accordion-item\">\n\t\t\t\t\t<div id=\"elementor-tab-title-3112\" class=\"elementor-tab-title\" data-tab=\"2\" role=\"button\" aria-controls=\"elementor-tab-content-3112\" aria-expanded=\"false\">\n\t\t\t\t\t\t\t\t\t\t\t\t\t<span class=\"elementor-accordion-icon elementor-accordion-icon-left\" aria-hidden=\"true\">\n\t\t\t\t\t\t\t\t\t\t\t\t\t\t\t<span class=\"elementor-accordion-icon-closed\"><i class=\"fas fa-plus\"><\/i><\/span>\n\t\t\t\t\t\t\t\t<span class=\"elementor-accordion-icon-opened\"><i class=\"fas fa-minus\"><\/i><\/span>\n\t\t\t\t\t\t\t\t\t\t\t\t\t\t<\/span>\n\t\t\t\t\t\t\t\t\t\t\t\t<a class=\"elementor-accordion-title\" tabindex=\"0\">2014<\/a>\n\t\t\t\t\t<\/div>\n\t\t\t\t\t<div id=\"elementor-tab-content-3112\" class=\"elementor-tab-content elementor-clearfix\" data-tab=\"2\" role=\"region\" aria-labelledby=\"elementor-tab-title-3112\"><p>Cre\u00e9 mi propia agencia inmobiliaria y con ella puse en marcha un concepto especial.&nbsp;<\/p>\n<\/div>\n\t\t\t\t<\/div>\n\t\t\t\t\t\t\t<div class=\"elementor-accordion-item\">\n\t\t\t\t\t<div id=\"elementor-tab-title-3113\" class=\"elementor-tab-title\" data-tab=\"3\" role=\"button\" aria-controls=\"elementor-tab-content-3113\" aria-expanded=\"false\">\n\t\t\t\t\t\t\t\t\t\t\t\t\t<span class=\"elementor-accordion-icon elementor-accordion-icon-left\" aria-hidden=\"true\">\n\t\t\t\t\t\t\t\t\t\t\t\t\t\t\t<span class=\"elementor-accordion-icon-closed\"><i class=\"fas fa-plus\"><\/i><\/span>\n\t\t\t\t\t\t\t\t<span class=\"elementor-accordion-icon-opened\"><i class=\"fas fa-minus\"><\/i><\/span>\n\t\t\t\t\t\t\t\t\t\t\t\t\t\t<\/span>\n\t\t\t\t\t\t\t\t\t\t\t\t<a class=\"elementor-accordion-title\" tabindex=\"0\">2016<\/a>\n\t\t\t\t\t<\/div>\n\t\t\t\t\t<div id=\"elementor-tab-content-3113\" class=\"elementor-tab-content elementor-clearfix\" data-tab=\"3\" role=\"region\" aria-labelledby=\"elementor-tab-title-3113\"><p>Feria del Consumidor Carpe Diem. Junto con mi equipo de chicas, organizamos una hermosa feria centrada en la vida y la experiencia.<\/p>\n<p><\/p>\n<\/div>\n\t\t\t\t<\/div>\n\t\t\t\t\t\t\t<div class=\"elementor-accordion-item\">\n\t\t\t\t\t<div id=\"elementor-tab-title-3114\" class=\"elementor-tab-title\" data-tab=\"4\" role=\"button\" aria-controls=\"elementor-tab-content-3114\" aria-expanded=\"false\">\n\t\t\t\t\t\t\t\t\t\t\t\t\t<span class=\"elementor-accordion-icon elementor-accordion-icon-left\" aria-hidden=\"true\">\n\t\t\t\t\t\t\t\t\t\t\t\t\t\t\t<span class=\"elementor-accordion-icon-closed\"><i class=\"fas fa-plus\"><\/i><\/span>\n\t\t\t\t\t\t\t\t<span class=\"elementor-accordion-icon-opened\"><i class=\"fas fa-minus\"><\/i><\/span>\n\t\t\t\t\t\t\t\t\t\t\t\t\t\t<\/span>\n\t\t\t\t\t\t\t\t\t\t\t\t<a class=\"elementor-accordion-title\" tabindex=\"0\">2018<\/a>\n\t\t\t\t\t<\/div>\n\t\t\t\t\t<div id=\"elementor-tab-content-3114\" class=\"elementor-tab-content elementor-clearfix\" data-tab=\"4\" role=\"region\" aria-labelledby=\"elementor-tab-title-3114\"><p>Orgulloso tambi\u00e9n del equipo de mis chicas, Carpe Diem Realty fue nombrado Talento del A\u00f1o 2018. Con una gran puntuaci\u00f3n del Jurado en innovaci\u00f3n, sostenibilidad y crecimiento.&nbsp;<\/p>\n<\/div>\n\t\t\t\t<\/div>\n\t\t\t\t\t\t\t<div class=\"elementor-accordion-item\">\n\t\t\t\t\t<div id=\"elementor-tab-title-3115\" class=\"elementor-tab-title\" data-tab=\"5\" role=\"button\" aria-controls=\"elementor-tab-content-3115\" aria-expanded=\"false\">\n\t\t\t\t\t\t\t\t\t\t\t\t\t<span class=\"elementor-accordion-icon elementor-accordion-icon-left\" aria-hidden=\"true\">\n\t\t\t\t\t\t\t\t\t\t\t\t\t\t\t<span class=\"elementor-accordion-icon-closed\"><i class=\"fas fa-plus\"><\/i><\/span>\n\t\t\t\t\t\t\t\t<span class=\"elementor-accordion-icon-opened\"><i class=\"fas fa-minus\"><\/i><\/span>\n\t\t\t\t\t\t\t\t\t\t\t\t\t\t<\/span>\n\t\t\t\t\t\t\t\t\t\t\t\t<a class=\"elementor-accordion-title\" tabindex=\"0\">2019<\/a>\n\t\t\t\t\t<\/div>\n\t\t\t\t\t<div id=\"elementor-tab-content-3115\" class=\"elementor-tab-content elementor-clearfix\" data-tab=\"5\" role=\"region\" aria-labelledby=\"elementor-tab-title-3115\"><p>En este a\u00f1o, vend\u00ed mi agencia inmobiliaria. Misi\u00f3n cumplida. Recuper\u00e9 tiempo para ampliar mi curr\u00edculum en la carrera de la vivienda. Entre otras cosas, como asesor en obra nueva y remodelaci\u00f3n o renovaci\u00f3n.&nbsp;<\/p>\n<p><\/p>\n<p>Hoy en d\u00eda, la agencia inmobiliaria est\u00e1 dirigida por un excelente equipo de agentes inmobiliarios.&nbsp;<\/p>\n<\/div>\n\t\t\t\t<\/div>\n\t\t\t\t\t\t\t<div class=\"elementor-accordion-item\">\n\t\t\t\t\t<div id=\"elementor-tab-title-3116\" class=\"elementor-tab-title\" data-tab=\"6\" role=\"button\" aria-controls=\"elementor-tab-content-3116\" aria-expanded=\"false\">\n\t\t\t\t\t\t\t\t\t\t\t\t\t<span class=\"elementor-accordion-icon elementor-accordion-icon-left\" aria-hidden=\"true\">\n\t\t\t\t\t\t\t\t\t\t\t\t\t\t\t<span class=\"elementor-accordion-icon-closed\"><i class=\"fas fa-plus\"><\/i><\/span>\n\t\t\t\t\t\t\t\t<span class=\"elementor-accordion-icon-opened\"><i class=\"fas fa-minus\"><\/i><\/span>\n\t\t\t\t\t\t\t\t\t\t\t\t\t\t<\/span>\n\t\t\t\t\t\t\t\t\t\t\t\t<a class=\"elementor-accordion-title\" tabindex=\"0\">2023<\/a>\n\t\t\t\t\t<\/div>\n\t\t\t\t\t<div id=\"elementor-tab-content-3116\" class=\"elementor-tab-content elementor-clearfix\" data-tab=\"6\" role=\"region\" aria-labelledby=\"elementor-tab-title-3116\"><p>Mirar el patrimonio<\/p>\n<p>Un sue\u00f1o y pasi\u00f3n, la mejor combinaci\u00f3n para convertir un negocio en un \u00e9xito.&nbsp;<\/p>\n<p>Con nuestra visi\u00f3n de las casas, yo, junto con mi equipo, proporcionar la experiencia m\u00e1s hermosa en las mejores casas de vacaciones en Espa\u00f1a.<\/p>\n<\/div>\n\t\t\t\t<\/div>\n\t\t\t\t\t\t\t<div class=\"elementor-accordion-item\">\n\t\t\t\t\t<div id=\"elementor-tab-title-3117\" class=\"elementor-tab-title\" data-tab=\"7\" role=\"button\" aria-controls=\"elementor-tab-content-3117\" aria-expanded=\"false\">\n\t\t\t\t\t\t\t\t\t\t\t\t\t<span class=\"elementor-accordion-icon elementor-accordion-icon-left\" aria-hidden=\"true\">\n\t\t\t\t\t\t\t\t\t\t\t\t\t\t\t<span class=\"elementor-accordion-icon-closed\"><i class=\"fas fa-plus\"><\/i><\/span>\n\t\t\t\t\t\t\t\t<span class=\"elementor-accordion-icon-opened\"><i class=\"fas fa-minus\"><\/i><\/span>\n\t\t\t\t\t\t\t\t\t\t\t\t\t\t<\/span>\n\t\t\t\t\t\t\t\t\t\t\t\t<a class=\"elementor-accordion-title\" tabindex=\"0\">2024<\/a>\n\t\t\t\t\t<\/div>\n\t\t\t\t\t<div id=\"elementor-tab-content-3117\" class=\"elementor-tab-content elementor-clearfix\" data-tab=\"7\" role=\"region\" aria-labelledby=\"elementor-tab-title-3117\"><p>Servicio eficaz, profesional y de calidad. Por supuesto, con una formaci\u00f3n como profesor\/formador inmobiliario, esta certificaci\u00f3n no puede faltar<\/p>\n<\/p>\n<p><a href=\"https:\/\/lookatestate.com\/wp-content\/uploads\/2024\/01\/digitalt-studieintyg-cro7y-nathalie-minkman-151302.pdf\">digitalt-estudio-intyg-cro7y-nathalie-minkman-151302<\/a><\/p>\n<\/p>\n<p>Agente inmobiliario profesional\/con licencia  <\/p>\n<p>Escuela de Negocios FEI y Academia API  <\/p>\n<p><img fetchpriority=\"high\" decoding=\"async\" class=\"alignnone size-medium wp-image-3372\" src=\"https:\/\/lookatestate.com\/wp-content\/uploads\/2024\/01\/68D69DA9-4DEB-4135-9A4B-CB3EAA494170_1_102_o-300x300.jpeg\" alt=\"\" width=\"300\" height=\"300\" srcset=\"https:\/\/lookatestate.com\/wp-content\/uploads\/2024\/01\/68D69DA9-4DEB-4135-9A4B-CB3EAA494170_1_102_o-300x300.jpeg 300w, https:\/\/lookatestate.com\/wp-content\/uploads\/2024\/01\/68D69DA9-4DEB-4135-9A4B-CB3EAA494170_1_102_o-1024x1024.jpeg 1024w, https:\/\/lookatestate.com\/wp-content\/uploads\/2024\/01\/68D69DA9-4DEB-4135-9A4B-CB3EAA494170_1_102_o-150x150.jpeg 150w, https:\/\/lookatestate.com\/wp-content\/uploads\/2024\/01\/68D69DA9-4DEB-4135-9A4B-CB3EAA494170_1_102_o-768x768.jpeg 768w, https:\/\/lookatestate.com\/wp-content\/uploads\/2024\/01\/68D69DA9-4DEB-4135-9A4B-CB3EAA494170_1_102_o.jpeg 1080w\" sizes=\"(max-width: 300px) 100vw, 300px\" \/><\/p><\/p>\n<\/div>\n\t\t\t\t<\/div>\n\t\t\t\t\t\t\t\t<\/div>\n\t\t\t\t\t\t<\/div>\n\t\t\t\t<\/div>\n\t\t\t\t\t<\/div>\n\t\t<\/div>\n\t\t\t\t<div class=\"elementor-column elementor-col-50 elementor-top-column elementor-element elementor-element-595dde0\" data-id=\"595dde0\" data-element_type=\"column\">\n\t\t\t<div class=\"elementor-widget-wrap elementor-element-populated\">\n\t\t\t\t\t\t<div class=\"elementor-element elementor-element-b4513fc elementor-widget elementor-widget-gallery\" data-id=\"b4513fc\" data-element_type=\"widget\" data-settings=\"{&quot;columns&quot;:1,&quot;columns_tablet&quot;:1,&quot;lazyload&quot;:&quot;yes&quot;,&quot;gallery_layout&quot;:&quot;grid&quot;,&quot;columns_mobile&quot;:1,&quot;gap&quot;:{&quot;unit&quot;:&quot;px&quot;,&quot;size&quot;:10,&quot;sizes&quot;:[]},&quot;gap_tablet&quot;:{&quot;unit&quot;:&quot;px&quot;,&quot;size&quot;:10,&quot;sizes&quot;:[]},&quot;gap_mobile&quot;:{&quot;unit&quot;:&quot;px&quot;,&quot;size&quot;:10,&quot;sizes&quot;:[]},&quot;link_to&quot;:&quot;file&quot;,&quot;aspect_ratio&quot;:&quot;3:2&quot;,&quot;overlay_background&quot;:&quot;yes&quot;,&quot;content_hover_animation&quot;:&quot;fade-in&quot;}\" data-widget_type=\"gallery.default\">\n\t\t\t\t<div class=\"elementor-widget-container\">\n\t\t\t\t\t\t\t<div class=\"elementor-gallery__container\">\n\t\t\t\t\t\t\t<a class=\"e-gallery-item elementor-gallery-item elementor-animated-content\" href=\"https:\/\/lookatestate.com\/wp-content\/uploads\/2023\/09\/NB_13533-1.jpg\" data-elementor-open-lightbox=\"yes\" data-elementor-lightbox-slideshow=\"b4513fc\" data-elementor-lightbox-title=\"NATHALIE\" data-e-action-hash=\"#elementor-action%3Aaction%3Dlightbox%26settings%3DeyJpZCI6MjUxNSwidXJsIjoiaHR0cHM6XC9cL2xvb2thdGVzdGF0ZS5jb21cL3dwLWNvbnRlbnRcL3VwbG9hZHNcLzIwMjNcLzA5XC9OQl8xMzUzMy0xLmpwZyIsInNsaWRlc2hvdyI6ImI0NTEzZmMifQ%3D%3D\">\n\t\t\t\t\t<div class=\"e-gallery-image elementor-gallery-item__image\" data-thumbnail=\"https:\/\/lookatestate.com\/wp-content\/uploads\/2023\/09\/NB_13533-1.jpg\" data-width=\"8009\" data-height=\"5342\" aria-label=\"lookatestate\" role=\"img\" ><\/div>\n\t\t\t\t\t\t\t\t\t\t\t<div class=\"elementor-gallery-item__overlay\"><\/div>\n\t\t\t\t\t\t\t\t\t\t\t\t\t\t<\/a>\n\t\t\t\t\t\t\t<a class=\"e-gallery-item elementor-gallery-item elementor-animated-content\" href=\"https:\/\/lookatestate.com\/wp-content\/uploads\/2023\/09\/AdobeStock_580442622-1-1.jpg\" data-elementor-open-lightbox=\"yes\" data-elementor-lightbox-slideshow=\"b4513fc\" data-elementor-lightbox-title=\"lookatestate\" data-e-action-hash=\"#elementor-action%3Aaction%3Dlightbox%26settings%3DeyJpZCI6Mjc0MSwidXJsIjoiaHR0cHM6XC9cL2xvb2thdGVzdGF0ZS5jb21cL3dwLWNvbnRlbnRcL3VwbG9hZHNcLzIwMjNcLzA5XC9BZG9iZVN0b2NrXzU4MDQ0MjYyMi0xLTEuanBnIiwic2xpZGVzaG93IjoiYjQ1MTNmYyJ9\">\n\t\t\t\t\t<div class=\"e-gallery-image elementor-gallery-item__image\" data-thumbnail=\"https:\/\/lookatestate.com\/wp-content\/uploads\/2023\/09\/AdobeStock_580442622-1-1.jpg\" data-width=\"1480\" data-height=\"987\" aria-label=\"\" role=\"img\" ><\/div>\n\t\t\t\t\t\t\t\t\t\t\t<div class=\"elementor-gallery-item__overlay\"><\/div>\n\t\t\t\t\t\t\t\t\t\t\t\t\t\t<\/a>\n\t\t\t\t\t<\/div>\n\t\t\t\t\t<\/div>\n\t\t\t\t<\/div>\n\t\t\t\t\t<\/div>\n\t\t<\/div>\n\t\t\t\t\t<\/div>\n\t\t<\/section>\n\t\t\t\t<\/div>\n\t\t","protected":false},"excerpt":{"rendered":"<p>Acerca de Look at Estate La deliciosa vida mediterr\u00e1nea. Port\u00e1til bajo el brazo, m\u00f3vil en la oreja. Mientras la deliciosa mezcla de olores a mar, buganvilla y especias de las cocinas se re\u00fane a mi alrededor. En chanclas, bajo por el camino de tierra hasta el pabell\u00f3n cubierto de verde tropical que hay al fondo [&hellip;]<\/p>\n","protected":false},"author":2,"featured_media":0,"parent":0,"menu_order":0,"comment_status":"closed","ping_status":"closed","template":"","meta":{"site-sidebar-layout":"no-sidebar","site-content-layout":"page-builder","ast-site-content-layout":"default","site-content-style":"default","site-sidebar-style":"default","ast-global-header-display":"","ast-banner-title-visibility":"","ast-main-header-display":"","ast-hfb-above-header-display":"","ast-hfb-below-header-display":"","ast-hfb-mobile-header-display":"","site-post-title":"disabled","ast-breadcrumbs-content":"","ast-featured-img":"disabled","footer-sml-layout":"","ast-disable-related-posts":"","theme-transparent-header-meta":"","adv-header-id-meta":"","stick-header-meta":"","header-above-stick-meta":"","header-main-stick-meta":"","header-below-stick-meta":"","astra-migrate-meta-layouts":"default","ast-page-background-enabled":"default","ast-page-background-meta":{"desktop":{"background-color":"var(--ast-global-color-4)","background-image":"","background-repeat":"repeat","background-position":"center center","background-size":"auto","background-attachment":"scroll","background-type":"","background-media":"","overlay-type":"","overlay-color":"","overlay-opacity":"","overlay-gradient":""},"tablet":{"background-color":"","background-image":"","background-repeat":"repeat","background-position":"center center","background-size":"auto","background-attachment":"scroll","background-type":"","background-media":"","overlay-type":"","overlay-color":"","overlay-opacity":"","overlay-gradient":""},"mobile":{"background-color":"","background-image":"","background-repeat":"repeat","background-position":"center center","background-size":"auto","background-attachment":"scroll","background-type":"","background-media":"","overlay-type":"","overlay-color":"","overlay-opacity":"","overlay-gradient":""}},"ast-content-background-meta":{"desktop":{"background-color":"var(--ast-global-color-5)","background-image":"","background-repeat":"repeat","background-position":"center center","background-size":"auto","background-attachment":"scroll","background-type":"","background-media":"","overlay-type":"","overlay-color":"","overlay-opacity":"","overlay-gradient":""},"tablet":{"background-color":"var(--ast-global-color-5)","background-image":"","background-repeat":"repeat","background-position":"center center","background-size":"auto","background-attachment":"scroll","background-type":"","background-media":"","overlay-type":"","overlay-color":"","overlay-opacity":"","overlay-gradient":""},"mobile":{"background-color":"var(--ast-global-color-5)","background-image":"","background-repeat":"repeat","background-position":"center center","background-size":"auto","background-attachment":"scroll","background-type":"","background-media":"","overlay-type":"","overlay-color":"","overlay-opacity":"","overlay-gradient":""}},"footnotes":""},"class_list":["post-3003","page","type-page","status-publish","hentry"],"_links":{"self":[{"href":"https:\/\/lookatestate.com\/es\/wp-json\/wp\/v2\/pages\/3003","targetHints":{"allow":["GET"]}}],"collection":[{"href":"https:\/\/lookatestate.com\/es\/wp-json\/wp\/v2\/pages"}],"about":[{"href":"https:\/\/lookatestate.com\/es\/wp-json\/wp\/v2\/types\/page"}],"author":[{"embeddable":true,"href":"https:\/\/lookatestate.com\/es\/wp-json\/wp\/v2\/users\/2"}],"replies":[{"embeddable":true,"href":"https:\/\/lookatestate.com\/es\/wp-json\/wp\/v2\/comments?post=3003"}],"version-history":[{"count":4,"href":"https:\/\/lookatestate.com\/es\/wp-json\/wp\/v2\/pages\/3003\/revisions"}],"predecessor-version":[{"id":3525,"href":"https:\/\/lookatestate.com\/es\/wp-json\/wp\/v2\/pages\/3003\/revisions\/3525"}],"wp:attachment":[{"href":"https:\/\/lookatestate.com\/es\/wp-json\/wp\/v2\/media?parent=3003"}],"curies":[{"name":"wp","href":"https:\/\/api.w.org\/{rel}","templated":true}]}}