{"id":3001,"date":"2023-09-13T06:44:52","date_gmt":"2023-09-13T06:44:52","guid":{"rendered":"https:\/\/lookatestate.com\/de-vacaciones-con-look-at-estate\/"},"modified":"2023-11-10T12:57:11","modified_gmt":"2023-11-10T12:57:11","slug":"de-vacaciones-con-look-at-estate","status":"publish","type":"page","link":"https:\/\/lookatestate.com\/es\/de-vacaciones-con-look-at-estate\/","title":{"rendered":"De vacaciones con Look at Estate"},"content":{"rendered":"\t\t<div data-elementor-type=\"wp-page\" data-elementor-id=\"3001\" class=\"elementor elementor-3001 elementor-1357\" data-elementor-post-type=\"page\">\n\t\t\t\t\t\t<section class=\"elementor-section elementor-top-section elementor-element elementor-element-a1b17aa elementor-section-boxed elementor-section-height-default elementor-section-height-default\" data-id=\"a1b17aa\" data-element_type=\"section\" data-settings=\"{&quot;background_background&quot;:&quot;classic&quot;}\">\n\t\t\t\t\t\t<div class=\"elementor-container elementor-column-gap-default\">\n\t\t\t\t\t<div class=\"elementor-column elementor-col-100 elementor-top-column elementor-element elementor-element-514e7c9\" data-id=\"514e7c9\" data-element_type=\"column\">\n\t\t\t<div class=\"elementor-widget-wrap elementor-element-populated\">\n\t\t\t\t\t\t\t<\/div>\n\t\t<\/div>\n\t\t\t\t\t<\/div>\n\t\t<\/section>\n\t\t\t\t<section class=\"elementor-section elementor-top-section elementor-element elementor-element-39c8dcb elementor-section-boxed elementor-section-height-default elementor-section-height-default\" data-id=\"39c8dcb\" data-element_type=\"section\">\n\t\t\t\t\t\t<div class=\"elementor-container elementor-column-gap-default\">\n\t\t\t\t\t<div class=\"elementor-column elementor-col-50 elementor-top-column elementor-element elementor-element-43cff9d\" data-id=\"43cff9d\" data-element_type=\"column\">\n\t\t\t<div class=\"elementor-widget-wrap elementor-element-populated\">\n\t\t\t\t\t\t<div class=\"elementor-element elementor-element-9874bec elementor-widget elementor-widget-heading\" data-id=\"9874bec\" data-element_type=\"widget\" data-widget_type=\"heading.default\">\n\t\t\t\t<div class=\"elementor-widget-container\">\n\t\t\t\t\t<h1 class=\"elementor-heading-title elementor-size-default\">De vacaciones con look at estate\n\n<\/h1>\t\t\t\t<\/div>\n\t\t\t\t<\/div>\n\t\t\t\t<div class=\"elementor-element elementor-element-6e68b18 elementor-widget elementor-widget-text-editor\" data-id=\"6e68b18\" data-element_type=\"widget\" data-widget_type=\"text-editor.default\">\n\t\t\t\t<div class=\"elementor-widget-container\">\n\t\t\t\t\t\t\t\t\t<p>Creemos que la pasi\u00f3n es siempre el mejor motor. Y tuvimos un sue\u00f1o. Juntos, la mejor motivaci\u00f3n para crear la mejor experiencia vacacional para los hu\u00e9spedes. Espa\u00f1a y la hospitalidad est\u00e1n en nuestro ADN.<\/p>\n<p>De vacaciones solo, en pareja, con amigos, en familia o con toda la familia. Desde nuestra condici\u00f3n de expertos en casas, somos muy cr\u00edticos a la hora de seleccionar nuestra oferta de casas de vacaciones. Nosotros tambi\u00e9n hemos viajado mucho y hemos pasado nuestras vacaciones en los lugares m\u00e1s hermosos. Vacaciones que se han quedado con nosotros por los buenos lugares y la hospitalidad de la gente. Sin duda, le concedemos esta maravillosa experiencia a usted y a las personas que quiere. Decidimos incluir la sorpresa y el asombro como misi\u00f3n en nuestras operaciones.<\/p>\n<\/p>\n<h3>\u00abPorque todos los hu\u00e9spedes merecen ser mimados\u00bb.<\/h3>\n<\/p>\n<p>Adem\u00e1s de nuestra hopitalidad, dominamos el arte de la invisibilidad. Estamos visiblemente presentes cuando nos necesita. Y servicio desde la invisibilidad. As\u00ed podr\u00e1 disfrutar de este magn\u00edfico lugar de vacaciones en paz y privacidad.<\/p><\/p>\n\t\t\t\t\t\t\t\t<\/div>\n\t\t\t\t<\/div>\n\t\t\t\t<div class=\"elementor-element elementor-element-3975d35 elementor-widget elementor-widget-gallery\" data-id=\"3975d35\" data-element_type=\"widget\" data-settings=\"{&quot;columns&quot;:2,&quot;lazyload&quot;:&quot;yes&quot;,&quot;gallery_layout&quot;:&quot;grid&quot;,&quot;columns_tablet&quot;:2,&quot;columns_mobile&quot;:1,&quot;gap&quot;:{&quot;unit&quot;:&quot;px&quot;,&quot;size&quot;:10,&quot;sizes&quot;:[]},&quot;gap_tablet&quot;:{&quot;unit&quot;:&quot;px&quot;,&quot;size&quot;:10,&quot;sizes&quot;:[]},&quot;gap_mobile&quot;:{&quot;unit&quot;:&quot;px&quot;,&quot;size&quot;:10,&quot;sizes&quot;:[]},&quot;link_to&quot;:&quot;file&quot;,&quot;aspect_ratio&quot;:&quot;3:2&quot;,&quot;overlay_background&quot;:&quot;yes&quot;,&quot;content_hover_animation&quot;:&quot;fade-in&quot;}\" data-widget_type=\"gallery.default\">\n\t\t\t\t<div class=\"elementor-widget-container\">\n\t\t\t\t\t\t\t<div class=\"elementor-gallery__container\">\n\t\t\t\t\t\t\t<a class=\"e-gallery-item elementor-gallery-item elementor-animated-content\" href=\"https:\/\/lookatestate.com\/wp-content\/uploads\/2023\/09\/AdobeStock_554428605_Editorial_Use_Only-1.jpg\" data-elementor-open-lightbox=\"yes\" data-elementor-lightbox-slideshow=\"3975d35\" data-elementor-lightbox-title=\"lookatestate\" data-e-action-hash=\"#elementor-action%3Aaction%3Dlightbox%26settings%3DeyJpZCI6Mjc0OCwidXJsIjoiaHR0cHM6XC9cL2xvb2thdGVzdGF0ZS5jb21cL3dwLWNvbnRlbnRcL3VwbG9hZHNcLzIwMjNcLzA5XC9BZG9iZVN0b2NrXzU1NDQyODYwNV9FZGl0b3JpYWxfVXNlX09ubHktMS5qcGciLCJzbGlkZXNob3ciOiIzOTc1ZDM1In0%3D\">\n\t\t\t\t\t<div class=\"e-gallery-image elementor-gallery-item__image\" data-thumbnail=\"https:\/\/lookatestate.com\/wp-content\/uploads\/2023\/09\/AdobeStock_554428605_Editorial_Use_Only-1.jpg\" data-width=\"1331\" data-height=\"796\" aria-label=\"\" role=\"img\" ><\/div>\n\t\t\t\t\t\t\t\t\t\t\t<div class=\"elementor-gallery-item__overlay\"><\/div>\n\t\t\t\t\t\t\t\t\t\t\t\t\t\t<\/a>\n\t\t\t\t\t\t\t<a class=\"e-gallery-item elementor-gallery-item elementor-animated-content\" href=\"https:\/\/lookatestate.com\/wp-content\/uploads\/2023\/09\/AdobeStock_384919528-1.jpg\" data-elementor-open-lightbox=\"yes\" data-elementor-lightbox-slideshow=\"3975d35\" data-elementor-lightbox-title=\"lookatestate\" data-e-action-hash=\"#elementor-action%3Aaction%3Dlightbox%26settings%3DeyJpZCI6Mjc0NywidXJsIjoiaHR0cHM6XC9cL2xvb2thdGVzdGF0ZS5jb21cL3dwLWNvbnRlbnRcL3VwbG9hZHNcLzIwMjNcLzA5XC9BZG9iZVN0b2NrXzM4NDkxOTUyOC0xLmpwZyIsInNsaWRlc2hvdyI6IjM5NzVkMzUifQ%3D%3D\">\n\t\t\t\t\t<div class=\"e-gallery-image elementor-gallery-item__image\" data-thumbnail=\"https:\/\/lookatestate.com\/wp-content\/uploads\/2023\/09\/AdobeStock_384919528-1.jpg\" data-width=\"1194\" data-height=\"796\" aria-label=\"\" role=\"img\" ><\/div>\n\t\t\t\t\t\t\t\t\t\t\t<div class=\"elementor-gallery-item__overlay\"><\/div>\n\t\t\t\t\t\t\t\t\t\t\t\t\t\t<\/a>\n\t\t\t\t\t<\/div>\n\t\t\t\t\t<\/div>\n\t\t\t\t<\/div>\n\t\t\t\t\t<\/div>\n\t\t<\/div>\n\t\t\t\t<div class=\"elementor-column elementor-col-50 elementor-top-column elementor-element elementor-element-13704be\" data-id=\"13704be\" data-element_type=\"column\">\n\t\t\t<div class=\"elementor-widget-wrap elementor-element-populated\">\n\t\t\t\t\t\t<div class=\"elementor-element elementor-element-a51d2a6 elementor-widget elementor-widget-heading\" data-id=\"a51d2a6\" data-element_type=\"widget\" data-widget_type=\"heading.default\">\n\t\t\t\t<div class=\"elementor-widget-container\">\n\t\t\t\t\t<h2 class=\"elementor-heading-title elementor-size-default\">Nuestro principio de las cinco promesas\n\n<\/h2>\t\t\t\t<\/div>\n\t\t\t\t<\/div>\n\t\t\t\t<div class=\"elementor-element elementor-element-ce125ab elementor-widget elementor-widget-text-editor\" data-id=\"ce125ab\" data-element_type=\"widget\" data-widget_type=\"text-editor.default\">\n\t\t\t\t<div class=\"elementor-widget-container\">\n\t\t\t\t\t\t\t\t\t<p>As\u00ed que siempre puede esperar esto de nuestra oferta:<\/p>\n\t\t\t\t\t\t\t\t<\/div>\n\t\t\t\t<\/div>\n\t\t\t\t<div class=\"elementor-element elementor-element-841ecbe elementor-icon-list--layout-traditional elementor-list-item-link-full_width elementor-widget elementor-widget-icon-list\" data-id=\"841ecbe\" data-element_type=\"widget\" data-widget_type=\"icon-list.default\">\n\t\t\t\t<div class=\"elementor-widget-container\">\n\t\t\t\t\t\t\t<ul class=\"elementor-icon-list-items\">\n\t\t\t\t\t\t\t<li class=\"elementor-icon-list-item\">\n\t\t\t\t\t\t\t\t\t\t\t<span class=\"elementor-icon-list-icon\">\n\t\t\t\t\t\t\t<svg xmlns=\"http:\/\/www.w3.org\/2000\/svg\" width=\"71\" height=\"71\" viewBox=\"0 0 71 71\" fill=\"none\"><circle cx=\"35.5\" cy=\"35.5\" r=\"35.5\" fill=\"#B6956F\"><\/circle><path d=\"M29.115 22.625V17.737H38.891V52H33.486V22.625H29.115Z\" fill=\"white\"><\/path><\/svg>\t\t\t\t\t\t<\/span>\n\t\t\t\t\t\t\t\t\t\t<span class=\"elementor-icon-list-text\"><span style=\"color:#0F4D5A;font-weight:600\">Sorprendentemente completo<\/span><br><span>En nuestra oferta nos aseguramos de que no le falte de nada. Dispone de todas las comodidades. \u00bfHace tiempo que no comes fuera? Es bueno encontrar al menos lo b\u00e1sico en especias, por ejemplo. Por supuesto, la cocina est\u00e1 totalmente equipada, duermes en una cama preciosa, hay toallas de sobra y siempre hay champ\u00fa en el ba\u00f1o.<\/span><\/span>\n\t\t\t\t\t\t\t\t\t<\/li>\n\t\t\t\t\t\t\t\t<li class=\"elementor-icon-list-item\">\n\t\t\t\t\t\t\t\t\t\t\t<span class=\"elementor-icon-list-icon\">\n\t\t\t\t\t\t\t<svg xmlns=\"http:\/\/www.w3.org\/2000\/svg\" width=\"71\" height=\"71\" viewBox=\"0 0 71 71\" fill=\"none\"><circle cx=\"35.5\" cy=\"35.5\" r=\"35.5\" fill=\"#B6956F\"><\/circle><path d=\"M27.781 44.715C30.789 42.1143 33.1547 39.9837 34.878 38.323C36.6327 36.631 38.0897 34.8763 39.249 33.059C40.4083 31.2417 40.988 29.4243 40.988 27.607C40.988 25.727 40.5337 24.2543 39.625 23.189C38.7477 22.1237 37.3533 21.591 35.442 21.591C33.5933 21.591 32.152 22.1863 31.118 23.377C30.1153 24.5363 29.5827 26.103 29.52 28.077H24.35C24.444 24.505 25.5093 21.779 27.546 19.899C29.614 17.9877 32.2303 17.032 35.395 17.032C38.8103 17.032 41.4737 17.972 43.385 19.852C45.3277 21.732 46.299 24.2387 46.299 27.372C46.299 29.628 45.7193 31.8057 44.56 33.905C43.432 35.973 42.069 37.8373 40.471 39.498C38.9043 41.1273 36.899 43.023 34.455 45.185L32.34 47.065H47.239V51.53H24.397V47.629L27.781 44.715Z\" fill=\"white\"><\/path><\/svg>\t\t\t\t\t\t<\/span>\n\t\t\t\t\t\t\t\t\t\t<span class=\"elementor-icon-list-text\"><span style=\"color:#0F4D5A;font-weight:600\">Seguro y fino<\/span><br><span>Vacaciones en un entorno diferente. A veces parece un poco incierto despu\u00e9s de reservar. Siempre que sea un buen barrio. Nuestra oferta de casas y pisos de vacaciones est\u00e1 situada en barrios elegantes. Lugares hermosos donde sentirse seguro y c\u00f3modo. Adem\u00e1s, siempre hay a mano un botiqu\u00edn de primeros auxilios y una lista de n\u00fameros a los que dirigirse en caso de necesidad.<\/span><\/span>\n\t\t\t\t\t\t\t\t\t<\/li>\n\t\t\t\t\t\t\t\t<li class=\"elementor-icon-list-item\">\n\t\t\t\t\t\t\t\t\t\t\t<span class=\"elementor-icon-list-icon\">\n\t\t\t\t\t\t\t<svg xmlns=\"http:\/\/www.w3.org\/2000\/svg\" width=\"71\" height=\"71\" viewBox=\"0 0 71 71\" fill=\"none\"><circle cx=\"35.5\" cy=\"35.5\" r=\"35.5\" fill=\"#B6956F\"><\/circle><path d=\"M24.726 26.197C24.914 23.283 26.0263 21.0113 28.063 19.382C30.131 17.7527 32.763 16.938 35.959 16.938C38.1523 16.938 40.048 17.3297 41.646 18.113C43.244 18.8963 44.4503 19.9617 45.265 21.309C46.0797 22.6563 46.487 24.176 46.487 25.868C46.487 27.8107 45.97 29.4713 44.936 30.85C43.902 32.2287 42.6643 33.153 41.223 33.623V33.811C43.0717 34.375 44.513 35.409 45.547 36.913C46.581 38.3857 47.098 40.2813 47.098 42.6C47.098 44.4487 46.675 46.0937 45.829 47.535C44.983 48.9763 43.7297 50.12 42.069 50.966C40.4083 51.7807 38.4187 52.188 36.1 52.188C32.716 52.188 29.9273 51.3263 27.734 49.603C25.572 47.8483 24.4127 45.3417 24.256 42.083H29.426C29.5513 43.7437 30.1937 45.1067 31.353 46.172C32.5123 47.206 34.079 47.723 36.053 47.723C37.9643 47.723 39.437 47.206 40.471 46.172C41.505 45.1067 42.022 43.7437 42.022 42.083C42.022 39.8897 41.317 38.3387 39.907 37.43C38.5283 36.49 36.3977 36.02 33.515 36.02H32.293V31.602H33.562C36.1 31.5707 38.027 31.1477 39.343 30.333C40.6903 29.5183 41.364 28.2337 41.364 26.479C41.364 24.975 40.8783 23.7843 39.907 22.907C38.9357 21.9983 37.557 21.544 35.771 21.544C34.0163 21.544 32.6533 21.9983 31.682 22.907C30.7107 23.7843 30.131 24.881 29.943 26.197H24.726Z\" fill=\"white\"><\/path><\/svg>\t\t\t\t\t\t<\/span>\n\t\t\t\t\t\t\t\t\t\t<span class=\"elementor-icon-list-text\"><span style=\"color:#0F4D5A;font-weight:600\">Limpio y fresco<\/span><br><span>La higiene es muy importante para nosotros. Sin embargo, para nosotros la limpieza y la frescura van un poco m\u00e1s all\u00e1. Puede estar seguro de que el alojamiento de vacaciones que encuentre est\u00e1 limpio a la perfecci\u00f3n y huele maravillosamente fresco. Spick and Span es como lo llamamos internamente.<\/span><\/span>\n\t\t\t\t\t\t\t\t\t<\/li>\n\t\t\t\t\t\t\t\t<li class=\"elementor-icon-list-item\">\n\t\t\t\t\t\t\t\t\t\t\t<span class=\"elementor-icon-list-icon\">\n\t\t\t\t\t\t\t<svg xmlns=\"http:\/\/www.w3.org\/2000\/svg\" width=\"71\" height=\"71\" viewBox=\"0 0 71 71\" fill=\"none\"><circle cx=\"35.5\" cy=\"35.5\" r=\"35.5\" fill=\"#B6956F\"><\/circle><path d=\"M22.162 44.856V40.814L37.954 18.16H44.44V40.203H48.811V44.856H44.44V52H39.176V44.856H22.162ZM39.411 23.612L28.319 40.203H39.411V23.612Z\" fill=\"white\"><\/path><\/svg>\t\t\t\t\t\t<\/span>\n\t\t\t\t\t\t\t\t\t\t<span class=\"elementor-icon-list-text\"><span style=\"color:#0F4D5A;font-weight:600\">Comunicaci\u00f3n clara y atenci\u00f3n real<\/span><br><span>Las casas de vacaciones y las personas son nuestra pasi\u00f3n. Nos gusta la atenci\u00f3n real y sin rodeos. Puede llamarnos por tel\u00e9fono, correo electr\u00f3nico o app. Desde el momento en que reserva hasta que empiezan sus vacaciones, sabe exactamente a qu\u00e9 atenerse. Sigue siendo una pregunta, l\u00e1nzala bien en whatsapp.<\/span><\/span>\n\t\t\t\t\t\t\t\t\t<\/li>\n\t\t\t\t\t\t\t\t<li class=\"elementor-icon-list-item\">\n\t\t\t\t\t\t\t\t\t\t\t<span class=\"elementor-icon-list-icon\">\n\t\t\t\t\t\t\t<svg xmlns=\"http:\/\/www.w3.org\/2000\/svg\" width=\"71\" height=\"71\" viewBox=\"0 0 71 71\" fill=\"none\"><circle cx=\"35.5\" cy=\"35.5\" r=\"35.5\" fill=\"#B6956F\"><\/circle><path d=\"M44.91 22.343H29.165V31.696C29.823 30.8187 30.7943 30.0823 32.079 29.487C33.395 28.8917 34.7893 28.594 36.262 28.594C38.894 28.594 41.0247 29.158 42.654 30.286C44.3147 31.414 45.4897 32.8397 46.179 34.563C46.8997 36.2863 47.26 38.1037 47.26 40.015C47.26 42.3337 46.8057 44.4017 45.897 46.219C45.0197 48.005 43.688 49.415 41.902 50.449C40.1473 51.483 37.9853 52 35.416 52C32.0007 52 29.259 51.154 27.191 49.462C25.123 47.77 23.8853 45.5297 23.478 42.741H28.695C29.0397 44.2137 29.8073 45.3887 30.998 46.266C32.1887 47.112 33.677 47.535 35.463 47.535C37.6877 47.535 39.3483 46.8613 40.445 45.514C41.573 44.1667 42.137 42.3807 42.137 40.156C42.137 37.9 41.573 36.1767 40.445 34.986C39.317 33.764 37.6563 33.153 35.463 33.153C33.9277 33.153 32.6273 33.5447 31.562 34.328C30.528 35.08 29.776 36.114 29.306 37.43H24.23V17.643H44.91V22.343Z\" fill=\"white\"><\/path><\/svg>\t\t\t\t\t\t<\/span>\n\t\t\t\t\t\t\t\t\t\t<span class=\"elementor-icon-list-text\"><span style=\"color:#0F4D5A;font-weight:600\">Sorprender y sorprender<\/span><br><span>Todo el mundo tiene unas expectativas al llegar. Hemos incluido en nuestra misi\u00f3n sorprender y asombrar a todos los hu\u00e9spedes. Lo hacemos sorprendi\u00e9ndole con el mejor servicio, un alto nivel de exigencia y ofreci\u00e9ndole el mejor lugar de vacaciones para usted y los suyos.<\/span><\/span>\n\t\t\t\t\t\t\t\t\t<\/li>\n\t\t\t\t\t\t<\/ul>\n\t\t\t\t\t\t<\/div>\n\t\t\t\t<\/div>\n\t\t\t\t\t<\/div>\n\t\t<\/div>\n\t\t\t\t\t<\/div>\n\t\t<\/section>\n\t\t\t\t<\/div>\n\t\t","protected":false},"excerpt":{"rendered":"<p>De vacaciones con look at estate Creemos que la pasi\u00f3n es siempre el mejor motor. Y tuvimos un sue\u00f1o. Juntos, la mejor motivaci\u00f3n para crear la mejor experiencia vacacional para los hu\u00e9spedes. Espa\u00f1a y la hospitalidad est\u00e1n en nuestro ADN. De vacaciones solo, en pareja, con amigos, en familia o con toda la familia. Desde [&hellip;]<\/p>\n","protected":false},"author":2,"featured_media":0,"parent":0,"menu_order":0,"comment_status":"closed","ping_status":"closed","template":"","meta":{"site-sidebar-layout":"no-sidebar","site-content-layout":"page-builder","ast-site-content-layout":"default","site-content-style":"default","site-sidebar-style":"default","ast-global-header-display":"","ast-banner-title-visibility":"","ast-main-header-display":"","ast-hfb-above-header-display":"","ast-hfb-below-header-display":"","ast-hfb-mobile-header-display":"","site-post-title":"disabled","ast-breadcrumbs-content":"","ast-featured-img":"disabled","footer-sml-layout":"","ast-disable-related-posts":"","theme-transparent-header-meta":"","adv-header-id-meta":"","stick-header-meta":"","header-above-stick-meta":"","header-main-stick-meta":"","header-below-stick-meta":"","astra-migrate-meta-layouts":"default","ast-page-background-enabled":"default","ast-page-background-meta":{"desktop":{"background-color":"var(--ast-global-color-4)","background-image":"","background-repeat":"repeat","background-position":"center center","background-size":"auto","background-attachment":"scroll","background-type":"","background-media":"","overlay-type":"","overlay-color":"","overlay-opacity":"","overlay-gradient":""},"tablet":{"background-color":"","background-image":"","background-repeat":"repeat","background-position":"center center","background-size":"auto","background-attachment":"scroll","background-type":"","background-media":"","overlay-type":"","overlay-color":"","overlay-opacity":"","overlay-gradient":""},"mobile":{"background-color":"","background-image":"","background-repeat":"repeat","background-position":"center center","background-size":"auto","background-attachment":"scroll","background-type":"","background-media":"","overlay-type":"","overlay-color":"","overlay-opacity":"","overlay-gradient":""}},"ast-content-background-meta":{"desktop":{"background-color":"var(--ast-global-color-5)","background-image":"","background-repeat":"repeat","background-position":"center center","background-size":"auto","background-attachment":"scroll","background-type":"","background-media":"","overlay-type":"","overlay-color":"","overlay-opacity":"","overlay-gradient":""},"tablet":{"background-color":"var(--ast-global-color-5)","background-image":"","background-repeat":"repeat","background-position":"center center","background-size":"auto","background-attachment":"scroll","background-type":"","background-media":"","overlay-type":"","overlay-color":"","overlay-opacity":"","overlay-gradient":""},"mobile":{"background-color":"var(--ast-global-color-5)","background-image":"","background-repeat":"repeat","background-position":"center center","background-size":"auto","background-attachment":"scroll","background-type":"","background-media":"","overlay-type":"","overlay-color":"","overlay-opacity":"","overlay-gradient":""}},"footnotes":""},"class_list":["post-3001","page","type-page","status-publish","hentry"],"_links":{"self":[{"href":"https:\/\/lookatestate.com\/es\/wp-json\/wp\/v2\/pages\/3001","targetHints":{"allow":["GET"]}}],"collection":[{"href":"https:\/\/lookatestate.com\/es\/wp-json\/wp\/v2\/pages"}],"about":[{"href":"https:\/\/lookatestate.com\/es\/wp-json\/wp\/v2\/types\/page"}],"author":[{"embeddable":true,"href":"https:\/\/lookatestate.com\/es\/wp-json\/wp\/v2\/users\/2"}],"replies":[{"embeddable":true,"href":"https:\/\/lookatestate.com\/es\/wp-json\/wp\/v2\/comments?post=3001"}],"version-history":[{"count":1,"href":"https:\/\/lookatestate.com\/es\/wp-json\/wp\/v2\/pages\/3001\/revisions"}],"predecessor-version":[{"id":3002,"href":"https:\/\/lookatestate.com\/es\/wp-json\/wp\/v2\/pages\/3001\/revisions\/3002"}],"wp:attachment":[{"href":"https:\/\/lookatestate.com\/es\/wp-json\/wp\/v2\/media?parent=3001"}],"curies":[{"name":"wp","href":"https:\/\/api.w.org\/{rel}","templated":true}]}}