{"id":2985,"date":"2023-09-13T09:32:12","date_gmt":"2023-09-13T09:32:12","guid":{"rendered":"https:\/\/lookatestate.com\/sostenibilidad\/"},"modified":"2023-11-10T12:55:30","modified_gmt":"2023-11-10T12:55:30","slug":"sostenibilidad","status":"publish","type":"page","link":"https:\/\/lookatestate.com\/es\/sostenibilidad\/","title":{"rendered":"Sostenibilidad"},"content":{"rendered":"\t\t<div data-elementor-type=\"wp-page\" data-elementor-id=\"2985\" class=\"elementor elementor-2985 elementor-1443\" data-elementor-post-type=\"page\">\n\t\t\t\t\t\t<section class=\"elementor-section elementor-top-section elementor-element elementor-element-5212bc9 elementor-section-boxed elementor-section-height-default elementor-section-height-default\" data-id=\"5212bc9\" data-element_type=\"section\" data-settings=\"{&quot;background_background&quot;:&quot;classic&quot;}\">\n\t\t\t\t\t\t<div class=\"elementor-container elementor-column-gap-default\">\n\t\t\t\t\t<div class=\"elementor-column elementor-col-100 elementor-top-column elementor-element elementor-element-a1463fc\" data-id=\"a1463fc\" data-element_type=\"column\">\n\t\t\t<div class=\"elementor-widget-wrap elementor-element-populated\">\n\t\t\t\t\t\t\t<\/div>\n\t\t<\/div>\n\t\t\t\t\t<\/div>\n\t\t<\/section>\n\t\t\t\t<section class=\"elementor-section elementor-top-section elementor-element elementor-element-17738f4 elementor-section-boxed elementor-section-height-default elementor-section-height-default\" data-id=\"17738f4\" data-element_type=\"section\">\n\t\t\t\t\t\t<div class=\"elementor-container elementor-column-gap-default\">\n\t\t\t\t\t<div class=\"elementor-column elementor-col-100 elementor-top-column elementor-element elementor-element-97d3d99\" data-id=\"97d3d99\" data-element_type=\"column\">\n\t\t\t<div class=\"elementor-widget-wrap elementor-element-populated\">\n\t\t\t\t\t\t<div class=\"elementor-element elementor-element-13560d2 elementor-widget elementor-widget-heading\" data-id=\"13560d2\" data-element_type=\"widget\" data-widget_type=\"heading.default\">\n\t\t\t\t<div class=\"elementor-widget-container\">\n\t\t\t\t\t<h1 class=\"elementor-heading-title elementor-size-default\">C\u00f3modo y duradero\n<\/h1>\t\t\t\t<\/div>\n\t\t\t\t<\/div>\n\t\t\t\t<div class=\"elementor-element elementor-element-59bdb7b elementor-widget__width-initial elementor-widget elementor-widget-text-editor\" data-id=\"59bdb7b\" data-element_type=\"widget\" data-widget_type=\"text-editor.default\">\n\t\t\t\t<div class=\"elementor-widget-container\">\n\t\t\t\t\t\t\t\t\t<p>En nuestra opini\u00f3n, la sostenibilidad como parte de las vacaciones puede ser sencilla y muy divertida. En nuestras operaciones empresariales, hemos incorporado la sostenibilidad como un tema natural.<\/p>\n<p>Creemos que la sostenibilidad tambi\u00e9n puede ser c\u00f3moda y divertida.<\/p>\n<\/p>\n<p>Despu\u00e9s de haber perdido el coraz\u00f3n por la bella Espa\u00f1a, esto tampoco supone ning\u00fan esfuerzo.  <span style=\"font-style: inherit; font-weight: inherit; color: var( --e-global-color-text ); font-family: var( --e-global-typography-text-font-family ), Sans-serif; background-color: var(--ast-global-color-5);\">Por ello, consideramos que el compromiso social es una parte l\u00f3gica de este proceso.  <\/span><span style=\"font-style: inherit; font-weight: inherit; color: var( --e-global-color-text ); font-family: var( --e-global-typography-text-font-family ), Sans-serif; background-color: var(--ast-global-color-5);\">En nuestro paquete de vacaciones, cuidadosamente elaborado, nuestros hu\u00e9spedes encontrar\u00e1n informaci\u00f3n y art\u00edculos divertidos.<\/span><\/p>\n<p><span style=\"font-style: inherit; font-weight: inherit; color: var( --e-global-color-text ); font-family: var( --e-global-typography-text-font-family ), Sans-serif; background-color: var(--ast-global-color-5);\"> <\/span><\/p>\n<p>Art\u00edculos y regalos que pueden contribuir a la diversi\u00f3n navide\u00f1a, a\u00f1adiendo sostenibilidad sin ning\u00fan esfuerzo a unas vacaciones relajantes.<\/p>\n<\/p>\n<p>Sin alboroto ni molestias&#8230;<\/p>\n\t\t\t\t\t\t\t\t<\/div>\n\t\t\t\t<\/div>\n\t\t\t\t\t<\/div>\n\t\t<\/div>\n\t\t\t\t\t<\/div>\n\t\t<\/section>\n\t\t\t\t<\/div>\n\t\t","protected":false},"excerpt":{"rendered":"<p>C\u00f3modo y duradero En nuestra opini\u00f3n, la sostenibilidad como parte de las vacaciones puede ser sencilla y muy divertida. En nuestras operaciones empresariales, hemos incorporado la sostenibilidad como un tema natural. Creemos que la sostenibilidad tambi\u00e9n puede ser c\u00f3moda y divertida. Despu\u00e9s de haber perdido el coraz\u00f3n por la bella Espa\u00f1a, esto tampoco supone ning\u00fan [&hellip;]<\/p>\n","protected":false},"author":2,"featured_media":0,"parent":0,"menu_order":0,"comment_status":"closed","ping_status":"closed","template":"","meta":{"site-sidebar-layout":"no-sidebar","site-content-layout":"page-builder","ast-site-content-layout":"default","site-content-style":"default","site-sidebar-style":"default","ast-global-header-display":"","ast-banner-title-visibility":"","ast-main-header-display":"","ast-hfb-above-header-display":"","ast-hfb-below-header-display":"","ast-hfb-mobile-header-display":"","site-post-title":"disabled","ast-breadcrumbs-content":"","ast-featured-img":"disabled","footer-sml-layout":"","ast-disable-related-posts":"","theme-transparent-header-meta":"","adv-header-id-meta":"","stick-header-meta":"","header-above-stick-meta":"","header-main-stick-meta":"","header-below-stick-meta":"","astra-migrate-meta-layouts":"default","ast-page-background-enabled":"default","ast-page-background-meta":{"desktop":{"background-color":"var(--ast-global-color-4)","background-image":"","background-repeat":"repeat","background-position":"center center","background-size":"auto","background-attachment":"scroll","background-type":"","background-media":"","overlay-type":"","overlay-color":"","overlay-opacity":"","overlay-gradient":""},"tablet":{"background-color":"","background-image":"","background-repeat":"repeat","background-position":"center center","background-size":"auto","background-attachment":"scroll","background-type":"","background-media":"","overlay-type":"","overlay-color":"","overlay-opacity":"","overlay-gradient":""},"mobile":{"background-color":"","background-image":"","background-repeat":"repeat","background-position":"center center","background-size":"auto","background-attachment":"scroll","background-type":"","background-media":"","overlay-type":"","overlay-color":"","overlay-opacity":"","overlay-gradient":""}},"ast-content-background-meta":{"desktop":{"background-color":"var(--ast-global-color-5)","background-image":"","background-repeat":"repeat","background-position":"center center","background-size":"auto","background-attachment":"scroll","background-type":"","background-media":"","overlay-type":"","overlay-color":"","overlay-opacity":"","overlay-gradient":""},"tablet":{"background-color":"var(--ast-global-color-5)","background-image":"","background-repeat":"repeat","background-position":"center center","background-size":"auto","background-attachment":"scroll","background-type":"","background-media":"","overlay-type":"","overlay-color":"","overlay-opacity":"","overlay-gradient":""},"mobile":{"background-color":"var(--ast-global-color-5)","background-image":"","background-repeat":"repeat","background-position":"center center","background-size":"auto","background-attachment":"scroll","background-type":"","background-media":"","overlay-type":"","overlay-color":"","overlay-opacity":"","overlay-gradient":""}},"footnotes":""},"class_list":["post-2985","page","type-page","status-publish","hentry"],"_links":{"self":[{"href":"https:\/\/lookatestate.com\/es\/wp-json\/wp\/v2\/pages\/2985","targetHints":{"allow":["GET"]}}],"collection":[{"href":"https:\/\/lookatestate.com\/es\/wp-json\/wp\/v2\/pages"}],"about":[{"href":"https:\/\/lookatestate.com\/es\/wp-json\/wp\/v2\/types\/page"}],"author":[{"embeddable":true,"href":"https:\/\/lookatestate.com\/es\/wp-json\/wp\/v2\/users\/2"}],"replies":[{"embeddable":true,"href":"https:\/\/lookatestate.com\/es\/wp-json\/wp\/v2\/comments?post=2985"}],"version-history":[{"count":3,"href":"https:\/\/lookatestate.com\/es\/wp-json\/wp\/v2\/pages\/2985\/revisions"}],"predecessor-version":[{"id":2988,"href":"https:\/\/lookatestate.com\/es\/wp-json\/wp\/v2\/pages\/2985\/revisions\/2988"}],"wp:attachment":[{"href":"https:\/\/lookatestate.com\/es\/wp-json\/wp\/v2\/media?parent=2985"}],"curies":[{"name":"wp","href":"https:\/\/api.w.org\/{rel}","templated":true}]}}