{"id":2978,"date":"2023-10-02T12:39:34","date_gmt":"2023-10-02T12:39:34","guid":{"rendered":"https:\/\/lookatestate.com\/cookies\/"},"modified":"2023-11-10T12:54:57","modified_gmt":"2023-11-10T12:54:57","slug":"cookies","status":"publish","type":"page","link":"https:\/\/lookatestate.com\/es\/cookies\/","title":{"rendered":"Cookies"},"content":{"rendered":"\t\t<div data-elementor-type=\"wp-page\" data-elementor-id=\"2978\" class=\"elementor elementor-2978 elementor-2612\" data-elementor-post-type=\"page\">\n\t\t\t\t\t\t<section class=\"elementor-section elementor-top-section elementor-element elementor-element-f033f8d elementor-section-boxed elementor-section-height-default elementor-section-height-default\" data-id=\"f033f8d\" data-element_type=\"section\">\n\t\t\t\t\t\t<div class=\"elementor-container elementor-column-gap-default\">\n\t\t\t\t\t<div class=\"elementor-column elementor-col-100 elementor-top-column elementor-element elementor-element-aee9d23\" data-id=\"aee9d23\" data-element_type=\"column\">\n\t\t\t<div class=\"elementor-widget-wrap elementor-element-populated\">\n\t\t\t\t\t\t<div class=\"elementor-element elementor-element-20175d0 elementor-widget elementor-widget-heading\" data-id=\"20175d0\" data-element_type=\"widget\" data-widget_type=\"heading.default\">\n\t\t\t\t<div class=\"elementor-widget-container\">\n\t\t\t\t\t<h2 class=\"elementor-heading-title elementor-size-default\">Cookies<\/h2>\t\t\t\t<\/div>\n\t\t\t\t<\/div>\n\t\t\t\t<div class=\"elementor-element elementor-element-6259edf elementor-widget elementor-widget-text-editor\" data-id=\"6259edf\" data-element_type=\"widget\" data-widget_type=\"text-editor.default\">\n\t\t\t\t<div class=\"elementor-widget-container\">\n\t\t\t\t\t\t\t\t\t<p><span style=\"font-style: inherit; font-weight: inherit; color: var( --e-global-color-text ); background-color: var(--ast-global-color-5);\">Look at Estate utiliza cookies y otras t\u00e9cnicas como web beacons y SDKs en este sitio web. Porque queremos garantizar su privacidad y mejorar la facilidad de uso de su(s) visita(s) a nuestro sitio web. Naturalmente, nos tomamos muy en serio su privacidad en relaci\u00f3n con estas cookies. A continuaci\u00f3n, proporcionamos toda la informaci\u00f3n posible sobre el uso de estas t\u00e9cnicas, incluidas las cookies por parte de Look at Estate.<br><\/span><br><\/p>\n<p>Si todav\u00eda tiene alguna pregunta sobre nuestro uso de cookies o sobre su privacidad en relaci\u00f3n con las cookies, p\u00f3ngase en contacto con nosotros en info@lookatestate.com.<br><br><\/p>\n<p><b>Datos de contacto<br><\/b>Look at Estate<\/p>\n<p>info@lookatestate.com<br><br><\/p>\n<p><b>\u00bfQui\u00e9n es responsable del tratamiento de sus datos?<br><\/b>Look at Estate es el responsable del tratamiento de los datos descritos en esta pol\u00edtica de cookies. Esta pol\u00edtica de cookies se aplica a todos los dominios relacionados con Look at Estate.<br><br><\/p>\n<p><b>\u00bfQu\u00e9 son las cookies?<br><\/b>Las cookies son peque\u00f1os archivos de texto simple que su ordenador o dispositivo m\u00f3vil almacena cuando utiliza nuestro sitio web. Adem\u00e1s, existen t\u00e9cnicas similares a las galletas que consiguen los mismos resultados.<br><br><\/p>\n<p><b>\u00bfQu\u00e9 cookies utilizamos?<br><\/b>1. Cookies funcionales<br>Las cookies funcionales garantizan el correcto funcionamiento de nuestro sitio web.<br>2. Cookies anal\u00edticas<br>Con las cookies anal\u00edticas, recopilamos estad\u00edsticas sobre c\u00f3mo se utiliza nuestro sitio web con la ayuda de terceros. Gracias a este an\u00e1lisis, podemos seguir mejorando nuestro sitio web en beneficio de nuestros usuarios.<br>3. Cookies de marketing<br>Colocamos cookies de marketing en nuestro sitio web. Con estas cookies de marketing, entre otras cosas, hacemos un seguimiento de los anuncios que ha visto para que no vea los mismos anuncios una y otra vez. Con fines de marketing, analizamos, entre otras cosas, con qu\u00e9 frecuencia utiliza nuestro sitio web y qu\u00e9 servicios le resultan interesantes. Esto nos permite adaptar mejor nuestra oferta y nuestros anuncios a sus necesidades.<br><br><\/p>\n<p>Seguridad <b>de sus datos por nuestra parte y por parte de terceros<br><\/b>1. Seguridad por Look at Estate<br>Nos tomamos muy en serio la protecci\u00f3n de sus datos y adoptamos las medidas oportunas para contrarrestar el abuso, la p\u00e9rdida, el acceso no autorizado, la divulgaci\u00f3n no deseada y la modificaci\u00f3n no autorizada.<br>2. Seguridad de terceros<br>Para que este sitio web funcione, tambi\u00e9n utilizamos t\u00e9cnicas de terceros. Nos aseguramos de que sus datos se utilicen de forma segura y se procesen \u00fanicamente para nuestros fines. Los terceros no est\u00e1n autorizados a utilizar sus datos para sus propios fines. Protegemos su privacidad al m\u00e1ximo nivel.<br><br><\/p>\n<p><b>Configuraci\u00f3n del navegador<br><\/b>Si no desea que los sitios web puedan almacenar cookies en su ordenador, puede ajustar la configuraci\u00f3n de su navegador. Recibir\u00e1 un aviso antes de que se instale ninguna cookie. Tambi\u00e9n puede ajustar su configuraci\u00f3n para que su navegador rechace todas las cookies o s\u00f3lo las de terceros. Tambi\u00e9n puede eliminar las cookies ya instaladas. Tenga en cuenta que debe ajustar la configuraci\u00f3n por separado para cada navegador en cada dispositivo que utilice. Tenga en cuenta que si no desea utilizar cookies, lamentablemente no podemos garantizar que nuestra tienda en l\u00ednea funcione correctamente. Es posible que pierda algunas funciones del sitio web o incluso que no pueda ver determinadas p\u00e1ginas. Adem\u00e1s, rechazar las cookies tampoco significa que deje de ver anuncios. Simplemente, los anuncios dejar\u00e1n de estar adaptados a sus intereses y se repetir\u00e1n con m\u00e1s frecuencia.<br><br><\/p>\n<p><b>Borrar historial de cookies<br><\/b>Si ha seleccionado \u00abrechazar cookies de marketing\u00bb, estas cookies no se instalar\u00e1n a partir de ese momento. Si tambi\u00e9n desea eliminar su historial de cookies, consulte el manual de su navegador. Todos los navegadores funcionan de forma diferente en lo que respecta a la eliminaci\u00f3n del historial de cookies.<\/p>\t\t\t\t\t\t\t\t<\/div>\n\t\t\t\t<\/div>\n\t\t\t\t\t<\/div>\n\t\t<\/div>\n\t\t\t\t\t<\/div>\n\t\t<\/section>\n\t\t\t\t<\/div>\n\t\t","protected":false},"excerpt":{"rendered":"<p>Cookies Look at Estate utiliza cookies y otras t\u00e9cnicas como web beacons y SDKs en este sitio web. Porque queremos garantizar su privacidad y mejorar la facilidad de uso de su(s) visita(s) a nuestro sitio web. Naturalmente, nos tomamos muy en serio su privacidad en relaci\u00f3n con estas cookies. A continuaci\u00f3n, proporcionamos toda la informaci\u00f3n [&hellip;]<\/p>\n","protected":false},"author":2,"featured_media":0,"parent":0,"menu_order":0,"comment_status":"closed","ping_status":"closed","template":"","meta":{"site-sidebar-layout":"no-sidebar","site-content-layout":"page-builder","ast-site-content-layout":"default","site-content-style":"default","site-sidebar-style":"default","ast-global-header-display":"","ast-banner-title-visibility":"","ast-main-header-display":"","ast-hfb-above-header-display":"","ast-hfb-below-header-display":"","ast-hfb-mobile-header-display":"","site-post-title":"disabled","ast-breadcrumbs-content":"","ast-featured-img":"disabled","footer-sml-layout":"","ast-disable-related-posts":"","theme-transparent-header-meta":"","adv-header-id-meta":"","stick-header-meta":"","header-above-stick-meta":"","header-main-stick-meta":"","header-below-stick-meta":"","astra-migrate-meta-layouts":"default","ast-page-background-enabled":"default","ast-page-background-meta":{"desktop":{"background-color":"var(--ast-global-color-4)","background-image":"","background-repeat":"repeat","background-position":"center center","background-size":"auto","background-attachment":"scroll","background-type":"","background-media":"","overlay-type":"","overlay-color":"","overlay-opacity":"","overlay-gradient":""},"tablet":{"background-color":"","background-image":"","background-repeat":"repeat","background-position":"center center","background-size":"auto","background-attachment":"scroll","background-type":"","background-media":"","overlay-type":"","overlay-color":"","overlay-opacity":"","overlay-gradient":""},"mobile":{"background-color":"","background-image":"","background-repeat":"repeat","background-position":"center center","background-size":"auto","background-attachment":"scroll","background-type":"","background-media":"","overlay-type":"","overlay-color":"","overlay-opacity":"","overlay-gradient":""}},"ast-content-background-meta":{"desktop":{"background-color":"var(--ast-global-color-5)","background-image":"","background-repeat":"repeat","background-position":"center center","background-size":"auto","background-attachment":"scroll","background-type":"","background-media":"","overlay-type":"","overlay-color":"","overlay-opacity":"","overlay-gradient":""},"tablet":{"background-color":"var(--ast-global-color-5)","background-image":"","background-repeat":"repeat","background-position":"center center","background-size":"auto","background-attachment":"scroll","background-type":"","background-media":"","overlay-type":"","overlay-color":"","overlay-opacity":"","overlay-gradient":""},"mobile":{"background-color":"var(--ast-global-color-5)","background-image":"","background-repeat":"repeat","background-position":"center center","background-size":"auto","background-attachment":"scroll","background-type":"","background-media":"","overlay-type":"","overlay-color":"","overlay-opacity":"","overlay-gradient":""}},"footnotes":""},"class_list":["post-2978","page","type-page","status-publish","hentry"],"_links":{"self":[{"href":"https:\/\/lookatestate.com\/es\/wp-json\/wp\/v2\/pages\/2978","targetHints":{"allow":["GET"]}}],"collection":[{"href":"https:\/\/lookatestate.com\/es\/wp-json\/wp\/v2\/pages"}],"about":[{"href":"https:\/\/lookatestate.com\/es\/wp-json\/wp\/v2\/types\/page"}],"author":[{"embeddable":true,"href":"https:\/\/lookatestate.com\/es\/wp-json\/wp\/v2\/users\/2"}],"replies":[{"embeddable":true,"href":"https:\/\/lookatestate.com\/es\/wp-json\/wp\/v2\/comments?post=2978"}],"version-history":[{"count":1,"href":"https:\/\/lookatestate.com\/es\/wp-json\/wp\/v2\/pages\/2978\/revisions"}],"predecessor-version":[{"id":2980,"href":"https:\/\/lookatestate.com\/es\/wp-json\/wp\/v2\/pages\/2978\/revisions\/2980"}],"wp:attachment":[{"href":"https:\/\/lookatestate.com\/es\/wp-json\/wp\/v2\/media?parent=2978"}],"curies":[{"name":"wp","href":"https:\/\/api.w.org\/{rel}","templated":true}]}}