{"id":2955,"date":"2023-09-25T09:49:06","date_gmt":"2023-09-25T09:49:06","guid":{"rendered":"https:\/\/lookatestate.com\/condiciones-generales\/"},"modified":"2023-12-08T11:34:15","modified_gmt":"2023-12-08T11:34:15","slug":"condiciones-generales","status":"publish","type":"page","link":"https:\/\/lookatestate.com\/es\/condiciones-generales\/","title":{"rendered":"Condiciones generales"},"content":{"rendered":"<style>\/*! elementor - v3.15.0 - 20-08-2023 *\/<br \/>\n.elementor-heading-title{padding:0;margin:0;line-height:1}.elementor-widget-heading .elementor-heading-title[class*=elementor-size-]&gt;a{color:inherit;font-size:inherit;line-height:inherit}.elementor-widget-heading .elementor-heading-title.elementor-size-small{font-size:15px}.elementor-widget-heading .elementor-heading-title.elementor-size-medium{font-size:19px}.elementor-widget-heading .elementor-heading-title.elementor-size-large{font-size:29px}.elementor-widget-heading .elementor-heading-title.elementor-size-xl{font-size:39px}.elementor-widget-heading .elementor-heading-title.elementor-size-xxl{font-size:59px}<\/style>\n<h2>Condiciones generales<\/h2>\n<p><b>Definiciones<\/b><\/p>\n<p>1. Arrendatario principal: Persona f\u00edsica que alquila o desea alquilar una vivienda vacacional de la oferta de Look at Estate.<br \/>\n2. Coarrendatario: Persona que se aloja en la vivienda de vacaciones junto con el arrendatario principal.<br \/>\n3. Administrador: La persona que lleva a cabo las tareas de gesti\u00f3n de una vivienda vacacional en nombre del propietario de la misma.<br \/>\n4. Consumidor: Persona f\u00edsica que alquila una vivienda vacacional y no act\u00faa en el ejercicio de su profesi\u00f3n o negocio.<br \/>\n5. 5. Terceros: Cualquier otra persona f\u00edsica o jur\u00eddica ajena a Look At Estate o al arrendatario.<br \/>\n6. Propietario: El propietario legal de una vivienda vacacional (o su representante) que ha ofrecido la vivienda vacacional en alquiler a Look At Estate.<br \/>\n7. Anulaci\u00f3n: La retirada o cancelaci\u00f3n de la reserva.<br \/>\n8. Reserva: Reserva de una casa de vacaciones aceptada por Look At Estate.<br \/>\n9. Disoluci\u00f3n: Rescisi\u00f3n legal del contrato de arrendamiento por incumplimiento de las obligaciones derivadas del mismo.<br \/>\n10. Casa de vacaciones: casa ofrecida por Look At Estate como alojamiento de vacaciones.<br \/>\n11. Estancia: Utilizaci\u00f3n efectiva de un alojamiento de vacaciones.<\/p>\n<p><b>Aplicabilidad<\/b><br \/>\nEstas condiciones generales se aplican a todas las ofertas, acuerdos, entregas y servicios de Look at Estate. Por lo tanto, le rogamos que lea atentamente estas condiciones. En \u00e9l se establecen nuestros derechos y obligaciones, as\u00ed como los suyos. Las cl\u00e1usulas, acuerdos o arreglos divergentes s\u00f3lo se aplicar\u00e1n si Look At Estate los ha confirmado por escrito. Los acuerdos o compromisos verbales de los empleados de Look At Estate s\u00f3lo ser\u00e1n v\u00e1lidos si son confirmados por escrito por empleados autorizados de Look At Estate. Estas condiciones generales s\u00f3lo se aplican a la relaci\u00f3n entre Look At Estate y los consumidores, no a las relaciones comerciales.<\/p>\n<p><b>Reserve sus<\/b>vacaciones <b><br \/>\n Puede reservar por tel\u00e9fono o por Internet.<\/b> Cada pedido de reserva ser\u00e1 confirmado por Look At Estate por correo electr\u00f3nico con una factura\/confirmaci\u00f3n de reserva. Si no ha recibido esta confirmaci\u00f3n en los 3 d\u00edas siguientes a la reserva, p\u00f3ngase en contacto con Look At Estate inmediatamente. La confirmaci\u00f3n de reserva de Look At Estate contiene todos los detalles relevantes para su estancia en la casa de vacaciones reservada. Es responsabilidad del inquilino comprobar la exactitud e integridad de los datos reservados e informar de cualquier imperfecci\u00f3n o error a Look At Estate en un plazo de 7 d\u00edas a partir de la recepci\u00f3n de la confirmaci\u00f3n de la reserva. Si dicha notificaci\u00f3n no se realiza en el plazo estipulado, el arrendatario no tendr\u00e1 derecho a alegar imperfecciones o errores en la confirmaci\u00f3n de la reserva. Look At Estate se reserva el derecho a rechazar o retirar una solicitud de reserva o una reserva sin indicar los motivos.<\/p>\n<p><b>Derechos y obligaciones del inquilino en la casa de<\/b>vacaciones <b><br \/>\n Adem\u00e1s de las presentes condiciones, se aplican siempre las leyes locales.<\/b> Salvo que se acuerde otra cosa en el contrato de alquiler, el inquilino deber\u00e1 abandonar la casa de vacaciones a m\u00e1s tardar a la hora especificada en el contrato de alquiler. Look At Estate no se hace responsable de las consecuencias de salir m\u00e1s tarde de la hora especificada. En caso de salida despu\u00e9s de la hora especificada, el inquilino tiene que pagar una tarifa de alquiler adicional por d\u00eda. El inquilino debe comportarse como un buen inquilino y tratar la vivienda de vacaciones con cuidado. El inquilino es responsable de los da\u00f1os causados por \u00e9l mismo o por otros inquilinos a la casa de vacaciones o a su inventario. El inquilino est\u00e1 obligado a informar inmediatamente al gestor de la casa de vacaciones de cualquier da\u00f1o y a pagar los gastos de reparaci\u00f3n o sustituci\u00f3n. El inquilino debe cumplir las normas de la casa indicadas en la vivienda de vacaciones y seguir las instrucciones que le d\u00e9 el administrador. El arrendatario no podr\u00e1 subarrendar ni ceder la vivienda de vacaciones a terceros.<\/p>\n<p><b>Pago<\/b><br \/>\nEl precio del alquiler, los gastos adicionales y la fianza deber\u00e1n abonarse en el momento y de la forma especificados en la confirmaci\u00f3n de la reserva. Si el inquilino no efect\u00faa el pago a tiempo, Look At Estate tiene derecho a cancelar la reserva y cobrar los gastos de cancelaci\u00f3n indicados en estas condiciones. La fianza se reembolsar\u00e1 al inquilino en un plazo razonable tras el final de la estancia, menos los gastos por da\u00f1os a la casa de vacaciones o al inventario.<\/p>\n<p><b>Cancelaci\u00f3n por parte del inquilino<br \/>\n<\/b>La cancelaci\u00f3n de una reserva debe hacerse por escrito (por correo electr\u00f3nico) y s\u00f3lo es v\u00e1lida despu\u00e9s de que Look At Estate haya confirmado la cancelaci\u00f3n. En caso de cancelaci\u00f3n por parte del arrendatario, se adeudar\u00e1n gastos de cancelaci\u00f3n:<\/p>\n<p>Salvo que se indiquen condiciones distintas\/diferentes para el alojamiento publicado en el sitio web de Look at estate bajo el ep\u00edgrafe <em>Condiciones de reserva<\/em> o salvo que se acuerde lo contrario por escrito, el comitente adeudar\u00e1 los siguientes importes inmediatamente pagaderos en caso de cancelaci\u00f3n del contrato:<br \/>\na. Si se cancela hasta el 42\u00ba d\u00eda antes de la salida: la totalidad del dep\u00f3sito; es decir, el 30% del importe base del viaje.<br \/>\nb. En caso de anulaci\u00f3n desde el 42\u00ba d\u00eda (inclusive) hasta el 29\u00ba d\u00eda anterior a la salida: 60% del importe base del viaje.<br \/>\nc. En caso de anulaci\u00f3n a partir del 28\u00ba d\u00eda (inclusive) anterior a la salida o despu\u00e9s: la totalidad del importe del viaje, as\u00ed como los importes ya facturados.<\/p>\n<p>Los gastos de anulaci\u00f3n se calculan sobre el precio total del alquiler, incluidos los servicios y cargos adicionales. Look At Estate aconseja a los inquilinos que contraten un seguro de cancelaci\u00f3n.<\/p>\n<p><b>Cancelaci\u00f3n por parte de Look At Estate<br \/>\n<\/b>Look At Estate tiene derecho a cancelar una reserva en los siguientes casos:<br \/>\n&#8211; En casos de fuerza mayor, como guerras, cat\u00e1strofes naturales, huelgas, incendios y otras circunstancias imprevisibles ajenas al control de Look At Estate.<br \/>\n&#8211; Si la vivienda de vacaciones no est\u00e1 disponible debido a circunstancias imprevistas, como da\u00f1os causados por un incendio u otras calamidades.<br \/>\n&#8211; Si el inquilino incumple las obligaciones del contrato.<br \/>\nEn caso de cancelaci\u00f3n por parte de Look At Estate, se reembolsar\u00e1 al inquilino el precio total del alquiler y cualquier otra cantidad ya abonada en un plazo de 14 d\u00edas. En este caso, el inquilino no tiene derecho a indemnizaci\u00f3n.<\/p>\n<p><b>Responsabilidad<br \/>\n<\/b>Look At Estate no se hace responsable de ning\u00fan da\u00f1o, lesi\u00f3n o p\u00e9rdida de la propiedad del inquilino durante su estancia en la casa de vacaciones. Look At Estate no se hace responsable de las molestias que se produzcan en la casa de vacaciones y sus alrededores, como aver\u00edas en el suministro de agua o energ\u00eda, o molestias causadas por trabajos de construcci\u00f3n o mantenimiento en las inmediaciones de la casa de vacaciones. Look At Estate no se hace responsable de da\u00f1os consecuentes, indirectos o inmateriales.<\/p>\n<p><b>Quejas<\/b><br \/>\nCualquier queja sobre la casa de vacaciones o los servicios prestados por Look At Estate deber\u00e1 comunicarse inmediatamente in situ al responsable de la casa de vacaciones para que \u00e9ste pueda intentar resolverla. Si la queja no se resuelve satisfactoriamente, el inquilino deber\u00e1 presentarla por escrito a Look At Estate en un plazo de 14 d\u00edas a partir de la finalizaci\u00f3n de la estancia. Look At Estate tramitar\u00e1 la reclamaci\u00f3n lo antes posible y se esforzar\u00e1 por encontrar una soluci\u00f3n adecuada.<\/p>\n<p><b>Legislaci\u00f3n aplicable y litigios<br \/>\n<\/b>Todos los acuerdos y litigios entre Look At Estate y el arrendatario se regir\u00e1n por la legislaci\u00f3n neerlandesa. Los litigios entre Look At Estate y el arrendatario se someter\u00e1n en primera instancia al tribunal competente de los Pa\u00edses Bajos.<\/p>\n<p><b>Modificaciones<br \/>\n<\/b>Look At Estate se reserva el derecho a modificar estas condiciones en cualquier momento. Las condiciones modificadas se aplicar\u00e1n a las nuevas reservas a partir del momento de su publicaci\u00f3n en el sitio web de Look At Estate. Se aconseja a los inquilinos que consulten peri\u00f3dicamente el sitio web de Look At Estate para conocer la versi\u00f3n m\u00e1s actualizada de las condiciones.<\/p>\n<p><b>Disposici\u00f3n final<\/b><br \/>\nSi alguna disposici\u00f3n de estas condiciones generales es declarada inv\u00e1lida o inaplicable por un tribunal competente, ello no afectar\u00e1 a la validez o aplicabilidad de las restantes disposiciones. La disposici\u00f3n inaplicable ser\u00e1 sustituida por una disposici\u00f3n v\u00e1lida y aplicable que, en la medida de lo posible, tenga la misma finalidad y alcance que la disposici\u00f3n inaplicable.<\/p>\n<p>Las presentes condiciones generales est\u00e1n redactadas en lengua neerlandesa. En caso de litigio sobre la interpretaci\u00f3n de las presentes condiciones, prevalecer\u00e1 el texto neerland\u00e9s.<br \/>\nSi tiene alguna pregunta o comentario, p\u00f3ngase en contacto con Look At Estate.<\/p>\n","protected":false},"excerpt":{"rendered":"<p>Condiciones generales Definiciones 1. Arrendatario principal: Persona f\u00edsica que alquila o desea alquilar una vivienda vacacional de la oferta de Look at Estate. 2. Coarrendatario: Persona que se aloja en la vivienda de vacaciones junto con el arrendatario principal. 3. Administrador: La persona que lleva a cabo las tareas de gesti\u00f3n de una vivienda vacacional [&hellip;]<\/p>\n","protected":false},"author":2,"featured_media":0,"parent":0,"menu_order":0,"comment_status":"closed","ping_status":"closed","template":"","meta":{"site-sidebar-layout":"no-sidebar","site-content-layout":"page-builder","ast-site-content-layout":"default","site-content-style":"default","site-sidebar-style":"default","ast-global-header-display":"","ast-banner-title-visibility":"","ast-main-header-display":"","ast-hfb-above-header-display":"","ast-hfb-below-header-display":"","ast-hfb-mobile-header-display":"","site-post-title":"disabled","ast-breadcrumbs-content":"","ast-featured-img":"disabled","footer-sml-layout":"","ast-disable-related-posts":"","theme-transparent-header-meta":"","adv-header-id-meta":"","stick-header-meta":"","header-above-stick-meta":"","header-main-stick-meta":"","header-below-stick-meta":"","astra-migrate-meta-layouts":"default","ast-page-background-enabled":"default","ast-page-background-meta":{"desktop":{"background-color":"var(--ast-global-color-4)","background-image":"","background-repeat":"repeat","background-position":"center center","background-size":"auto","background-attachment":"scroll","background-type":"","background-media":"","overlay-type":"","overlay-color":"","overlay-opacity":"","overlay-gradient":""},"tablet":{"background-color":"","background-image":"","background-repeat":"repeat","background-position":"center center","background-size":"auto","background-attachment":"scroll","background-type":"","background-media":"","overlay-type":"","overlay-color":"","overlay-opacity":"","overlay-gradient":""},"mobile":{"background-color":"","background-image":"","background-repeat":"repeat","background-position":"center center","background-size":"auto","background-attachment":"scroll","background-type":"","background-media":"","overlay-type":"","overlay-color":"","overlay-opacity":"","overlay-gradient":""}},"ast-content-background-meta":{"desktop":{"background-color":"var(--ast-global-color-5)","background-image":"","background-repeat":"repeat","background-position":"center center","background-size":"auto","background-attachment":"scroll","background-type":"","background-media":"","overlay-type":"","overlay-color":"","overlay-opacity":"","overlay-gradient":""},"tablet":{"background-color":"var(--ast-global-color-5)","background-image":"","background-repeat":"repeat","background-position":"center center","background-size":"auto","background-attachment":"scroll","background-type":"","background-media":"","overlay-type":"","overlay-color":"","overlay-opacity":"","overlay-gradient":""},"mobile":{"background-color":"var(--ast-global-color-5)","background-image":"","background-repeat":"repeat","background-position":"center center","background-size":"auto","background-attachment":"scroll","background-type":"","background-media":"","overlay-type":"","overlay-color":"","overlay-opacity":"","overlay-gradient":""}},"footnotes":""},"class_list":["post-2955","page","type-page","status-publish","hentry"],"_links":{"self":[{"href":"https:\/\/lookatestate.com\/es\/wp-json\/wp\/v2\/pages\/2955","targetHints":{"allow":["GET"]}}],"collection":[{"href":"https:\/\/lookatestate.com\/es\/wp-json\/wp\/v2\/pages"}],"about":[{"href":"https:\/\/lookatestate.com\/es\/wp-json\/wp\/v2\/types\/page"}],"author":[{"embeddable":true,"href":"https:\/\/lookatestate.com\/es\/wp-json\/wp\/v2\/users\/2"}],"replies":[{"embeddable":true,"href":"https:\/\/lookatestate.com\/es\/wp-json\/wp\/v2\/comments?post=2955"}],"version-history":[{"count":4,"href":"https:\/\/lookatestate.com\/es\/wp-json\/wp\/v2\/pages\/2955\/revisions"}],"predecessor-version":[{"id":3331,"href":"https:\/\/lookatestate.com\/es\/wp-json\/wp\/v2\/pages\/2955\/revisions\/3331"}],"wp:attachment":[{"href":"https:\/\/lookatestate.com\/es\/wp-json\/wp\/v2\/media?parent=2955"}],"curies":[{"name":"wp","href":"https:\/\/api.w.org\/{rel}","templated":true}]}}